{"id":868,"date":"2025-11-28T13:08:15","date_gmt":"2025-11-28T13:08:15","guid":{"rendered":"https:\/\/karima.estaciondiseno.es\/?page_id=868"},"modified":"2025-12-25T13:30:12","modified_gmt":"2025-12-25T13:30:12","slug":"abour-me","status":"publish","type":"page","link":"https:\/\/karima.estaciondiseno.es\/index.php\/abour-me\/","title":{"rendered":"ABOUT ME"},"content":{"rendered":"\t\t<div data-elementor-type=\"wp-page\" data-elementor-id=\"868\" class=\"elementor elementor-868\">\n\t\t\t\t\t\t<section class=\"elementor-section elementor-top-section elementor-element elementor-element-2fcf8be elementor-section-full_width elementor-section-height-full elementor-section-height-default elementor-section-items-middle\" data-id=\"2fcf8be\" data-element_type=\"section\">\n\t\t\t\t\t\t<div class=\"elementor-container elementor-column-gap-default\">\n\t\t\t\t\t<div class=\"elementor-column elementor-col-100 elementor-top-column elementor-element elementor-element-177cc19\" data-id=\"177cc19\" data-element_type=\"column\">\n\t\t\t<div class=\"elementor-widget-wrap elementor-element-populated\">\n\t\t\t\t\t\t<div class=\"elementor-element elementor-element-58f160a elementor-widget elementor-widget-heading\" data-id=\"58f160a\" data-element_type=\"widget\" data-widget_type=\"heading.default\">\n\t\t\t\t<div class=\"elementor-widget-container\">\n\t\t\t\t\t<h2 class=\"elementor-heading-title elementor-size-default\">ABOUT ME<\/h2>\t\t\t\t<\/div>\n\t\t\t\t<\/div>\n\t\t\t\t\t<\/div>\n\t\t<\/div>\n\t\t\t\t\t<\/div>\n\t\t<\/section>\n\t\t\t\t<section class=\"elementor-section elementor-top-section elementor-element elementor-element-daeb2d1 elementor-section-boxed elementor-section-height-default elementor-section-height-default\" data-id=\"daeb2d1\" data-element_type=\"section\">\n\t\t\t\t\t\t<div class=\"elementor-container elementor-column-gap-default\">\n\t\t\t\t\t<div class=\"elementor-column elementor-col-100 elementor-top-column elementor-element elementor-element-b2bf24f\" data-id=\"b2bf24f\" data-element_type=\"column\">\n\t\t\t<div class=\"elementor-widget-wrap elementor-element-populated\">\n\t\t\t\t\t\t<div class=\"elementor-element elementor-element-b580025 elementor-widget elementor-widget-image\" data-id=\"b580025\" data-element_type=\"widget\" data-widget_type=\"image.default\">\n\t\t\t\t<div class=\"elementor-widget-container\">\n\t\t\t\t\t\t\t\t\t\t\t\t\t\t\t<img fetchpriority=\"high\" decoding=\"async\" width=\"1024\" height=\"575\" src=\"https:\/\/karima.estaciondiseno.es\/wp-content\/uploads\/2025\/10\/MOODBOARD-1024x575.png\" class=\"attachment-large size-large wp-image-86\" alt=\"\" srcset=\"https:\/\/karima.estaciondiseno.es\/wp-content\/uploads\/2025\/10\/MOODBOARD-1024x575.png 1024w, https:\/\/karima.estaciondiseno.es\/wp-content\/uploads\/2025\/10\/MOODBOARD-300x168.png 300w, https:\/\/karima.estaciondiseno.es\/wp-content\/uploads\/2025\/10\/MOODBOARD-768x431.png 768w, https:\/\/karima.estaciondiseno.es\/wp-content\/uploads\/2025\/10\/MOODBOARD.png 1383w\" sizes=\"(max-width: 1024px) 100vw, 1024px\" \/>\t\t\t\t\t\t\t\t\t\t\t\t\t\t\t<\/div>\n\t\t\t\t<\/div>\n\t\t\t\t\t<\/div>\n\t\t<\/div>\n\t\t\t\t\t<\/div>\n\t\t<\/section>\n\t\t\t\t<section class=\"elementor-section elementor-top-section elementor-element elementor-element-7300763 elementor-section-boxed elementor-section-height-default elementor-section-height-default\" data-id=\"7300763\" data-element_type=\"section\">\n\t\t\t\t\t\t<div class=\"elementor-container elementor-column-gap-default\">\n\t\t\t\t\t<div class=\"elementor-column elementor-col-100 elementor-top-column elementor-element elementor-element-e25d477\" data-id=\"e25d477\" data-element_type=\"column\">\n\t\t\t<div class=\"elementor-widget-wrap elementor-element-populated\">\n\t\t\t\t\t\t<div class=\"elementor-element elementor-element-51ec112 elementor-widget-divider--view-line elementor-widget elementor-widget-divider\" data-id=\"51ec112\" data-element_type=\"widget\" data-widget_type=\"divider.default\">\n\t\t\t\t<div class=\"elementor-widget-container\">\n\t\t\t\t\t\t\t<div class=\"elementor-divider\">\n\t\t\t<span class=\"elementor-divider-separator\">\n\t\t\t\t\t\t<\/span>\n\t\t<\/div>\n\t\t\t\t\t\t<\/div>\n\t\t\t\t<\/div>\n\t\t\t\t\t<\/div>\n\t\t<\/div>\n\t\t\t\t\t<\/div>\n\t\t<\/section>\n\t\t\t\t<section class=\"elementor-section elementor-top-section elementor-element elementor-element-a9534e8 elementor-section-full_width elementor-section-height-default elementor-section-height-default\" data-id=\"a9534e8\" data-element_type=\"section\">\n\t\t\t\t\t\t<div class=\"elementor-container elementor-column-gap-default\">\n\t\t\t\t\t<div class=\"elementor-column elementor-col-100 elementor-top-column elementor-element elementor-element-741689c\" data-id=\"741689c\" data-element_type=\"column\">\n\t\t\t<div class=\"elementor-widget-wrap elementor-element-populated\">\n\t\t\t\t\t\t<div class=\"elementor-element elementor-element-0b43c5a elementor-widget elementor-widget-heading\" data-id=\"0b43c5a\" data-element_type=\"widget\" data-widget_type=\"heading.default\">\n\t\t\t\t<div class=\"elementor-widget-container\">\n\t\t\t\t\t<h2 class=\"elementor-heading-title elementor-size-default\">Karima El K.<\/h2>\t\t\t\t<\/div>\n\t\t\t\t<\/div>\n\t\t\t\t\t<\/div>\n\t\t<\/div>\n\t\t\t\t\t<\/div>\n\t\t<\/section>\n\t\t\t\t<section class=\"elementor-section elementor-top-section elementor-element elementor-element-14e722c elementor-section-full_width elementor-section-height-default elementor-section-height-default\" data-id=\"14e722c\" data-element_type=\"section\">\n\t\t\t\t\t\t<div class=\"elementor-container elementor-column-gap-default\">\n\t\t\t\t\t<div class=\"elementor-column elementor-col-25 elementor-top-column elementor-element elementor-element-286d99e\" data-id=\"286d99e\" data-element_type=\"column\">\n\t\t\t<div class=\"elementor-widget-wrap elementor-element-populated\">\n\t\t\t\t\t\t<div class=\"elementor-element elementor-element-dfacfb1 elementor-widget__width-initial elementor-widget elementor-widget-heading\" data-id=\"dfacfb1\" data-element_type=\"widget\" data-widget_type=\"heading.default\">\n\t\t\t\t<div class=\"elementor-widget-container\">\n\t\t\t\t\t<h2 class=\"elementor-heading-title elementor-size-default\">Mi nombre es Karima y tengo 21 a\u00f1os actualmente. Nac\u00ed en un peque\u00f1o pueblo de Marruecos, pero me mud\u00e9 a Espa\u00f1a siendo muy ni\u00f1a. Ahora curso el \u00faltimo a\u00f1o de la carrera de Dise\u00f1o de Moda en Granada. Realizo mis estudios superiores en la escuela Estaci\u00f3n Dise\u00f1o con gran dedicaci\u00f3n.\n\nDurante estos cuatro a\u00f1os, he aprendido las herramientas necesarias para el sector profesional. Domino la precisi\u00f3n t\u00e9cnica del patronaje y tambi\u00e9n la confecci\u00f3n de prendas. Mi visi\u00f3n creativa se nutre constantemente del cine y de mi est\u00e9tica personal. He perfeccionado el uso de herramientas digitales como Photoshop e Illustrator durante mi formaci\u00f3n. Integro estos programas avanzados en cada etapa de mi proceso de dise\u00f1o creativo. <\/h2>\t\t\t\t<\/div>\n\t\t\t\t<\/div>\n\t\t\t\t\t<\/div>\n\t\t<\/div>\n\t\t\t\t<div class=\"elementor-column elementor-col-50 elementor-top-column elementor-element elementor-element-9b4f0bd\" data-id=\"9b4f0bd\" data-element_type=\"column\">\n\t\t\t<div class=\"elementor-widget-wrap elementor-element-populated\">\n\t\t\t\t\t\t<div class=\"elementor-element elementor-element-e1dd848 elementor-widget elementor-widget-image\" data-id=\"e1dd848\" data-element_type=\"widget\" data-widget_type=\"image.default\">\n\t\t\t\t<div class=\"elementor-widget-container\">\n\t\t\t\t\t\t\t\t\t\t\t\t\t\t\t<img decoding=\"async\" width=\"924\" height=\"1024\" src=\"https:\/\/karima.estaciondiseno.es\/wp-content\/uploads\/2025\/12\/IMG_6082-1-924x1024.jpg\" class=\"attachment-large size-large wp-image-1131\" alt=\"\" srcset=\"https:\/\/karima.estaciondiseno.es\/wp-content\/uploads\/2025\/12\/IMG_6082-1-924x1024.jpg 924w, https:\/\/karima.estaciondiseno.es\/wp-content\/uploads\/2025\/12\/IMG_6082-1-271x300.jpg 271w, https:\/\/karima.estaciondiseno.es\/wp-content\/uploads\/2025\/12\/IMG_6082-1-768x851.jpg 768w, https:\/\/karima.estaciondiseno.es\/wp-content\/uploads\/2025\/12\/IMG_6082-1-1386x1536.jpg 1386w, https:\/\/karima.estaciondiseno.es\/wp-content\/uploads\/2025\/12\/IMG_6082-1-1847x2048.jpg 1847w\" sizes=\"(max-width: 924px) 100vw, 924px\" \/>\t\t\t\t\t\t\t\t\t\t\t\t\t\t\t<\/div>\n\t\t\t\t<\/div>\n\t\t\t\t\t<\/div>\n\t\t<\/div>\n\t\t\t\t<div class=\"elementor-column elementor-col-25 elementor-top-column elementor-element elementor-element-cff5e29\" data-id=\"cff5e29\" data-element_type=\"column\">\n\t\t\t<div class=\"elementor-widget-wrap elementor-element-populated\">\n\t\t\t\t\t\t<div class=\"elementor-element elementor-element-b846dfb elementor-widget elementor-widget-heading\" data-id=\"b846dfb\" data-element_type=\"widget\" data-widget_type=\"heading.default\">\n\t\t\t\t<div class=\"elementor-widget-container\">\n\t\t\t\t\t<h2 class=\"elementor-heading-title elementor-size-default\">Me defino como una profesional aplicada y curiosa, cuya sensibilidad art\u00edstica se nutre constantemente de un profundo amor por el cine y la narrativa visual. Poseo una mente inquieta y creativa que me impulsa a explorar constantemente lo diversa, personal y transformadora que puede llegar a ser la industria de la moda.\n\nMi proceso creativo une de forma org\u00e1nica el cine de mi infancia con mis ra\u00edces \u00e1rabes y la fascinante oscuridad de la cultura g\u00f3tica actual. Estoy plenamente enfocada en desarrollar una moda alternativa e inclusiva que rescate referencias de mi cultura para proyectarlas hacia un mercado global, diverso y contempor\u00e1neo.\n\nAdmiro profundamente la moda que se atreve a ser diferente y provocadora, manteniendo siempre una identidad propia que no teme enfrentarse a la cr\u00edtica externa. Busco que mis dise\u00f1os reflejen esa audacia creativa y t\u00e9cnica que aprend\u00ed durante mis estudios superiores de dise\u00f1o en la ciudad de Granada este a\u00f1o.<\/h2>\t\t\t\t<\/div>\n\t\t\t\t<\/div>\n\t\t\t\t\t<\/div>\n\t\t<\/div>\n\t\t\t\t\t<\/div>\n\t\t<\/section>\n\t\t\t\t<section class=\"elementor-section elementor-top-section elementor-element elementor-element-c9a3388 elementor-section-full_width elementor-section-height-default elementor-section-height-default\" data-id=\"c9a3388\" data-element_type=\"section\">\n\t\t\t\t\t\t<div class=\"elementor-container elementor-column-gap-default\">\n\t\t\t\t\t<div class=\"elementor-column elementor-col-100 elementor-top-column elementor-element elementor-element-fef3a63\" data-id=\"fef3a63\" data-element_type=\"column\">\n\t\t\t<div class=\"elementor-widget-wrap elementor-element-populated\">\n\t\t\t\t\t\t<div class=\"elementor-element elementor-element-1e007a0 elementor-widget-divider--view-line elementor-widget elementor-widget-divider\" data-id=\"1e007a0\" data-element_type=\"widget\" data-widget_type=\"divider.default\">\n\t\t\t\t<div class=\"elementor-widget-container\">\n\t\t\t\t\t\t\t<div class=\"elementor-divider\">\n\t\t\t<span class=\"elementor-divider-separator\">\n\t\t\t\t\t\t<\/span>\n\t\t<\/div>\n\t\t\t\t\t\t<\/div>\n\t\t\t\t<\/div>\n\t\t\t\t<div class=\"elementor-element elementor-element-d2f0fec elementor-widget-divider--view-line elementor-widget elementor-widget-divider\" data-id=\"d2f0fec\" data-element_type=\"widget\" data-widget_type=\"divider.default\">\n\t\t\t\t<div class=\"elementor-widget-container\">\n\t\t\t\t\t\t\t<div class=\"elementor-divider\">\n\t\t\t<span class=\"elementor-divider-separator\">\n\t\t\t\t\t\t<\/span>\n\t\t<\/div>\n\t\t\t\t\t\t<\/div>\n\t\t\t\t<\/div>\n\t\t\t\t\t<\/div>\n\t\t<\/div>\n\t\t\t\t\t<\/div>\n\t\t<\/section>\n\t\t\t\t<section class=\"elementor-section elementor-top-section elementor-element elementor-element-5223460 elementor-section-full_width elementor-section-height-default elementor-section-height-default\" data-id=\"5223460\" data-element_type=\"section\">\n\t\t\t\t\t\t<div class=\"elementor-container elementor-column-gap-default\">\n\t\t\t\t\t<div class=\"elementor-column elementor-col-100 elementor-top-column elementor-element elementor-element-f9ff049\" data-id=\"f9ff049\" data-element_type=\"column\">\n\t\t\t<div class=\"elementor-widget-wrap elementor-element-populated\">\n\t\t\t\t\t\t<div class=\"elementor-element elementor-element-a243b47 elementor-widget elementor-widget-heading\" data-id=\"a243b47\" data-element_type=\"widget\" data-widget_type=\"heading.default\">\n\t\t\t\t<div class=\"elementor-widget-container\">\n\t\t\t\t\t<h2 class=\"elementor-heading-title elementor-size-default\">Ning\u00fan precio es demasiado alto por el privilegio de ser uno mismo\u00bb. \u2014 Friedrich Nietzsche.<\/h2>\t\t\t\t<\/div>\n\t\t\t\t<\/div>\n\t\t\t\t\t<\/div>\n\t\t<\/div>\n\t\t\t\t\t<\/div>\n\t\t<\/section>\n\t\t\t\t<section class=\"elementor-section elementor-top-section elementor-element elementor-element-056a3bb elementor-section-full_width elementor-section-height-default elementor-section-height-default\" data-id=\"056a3bb\" data-element_type=\"section\">\n\t\t\t\t\t\t<div class=\"elementor-container elementor-column-gap-default\">\n\t\t\t\t\t<div class=\"elementor-column elementor-col-100 elementor-top-column elementor-element elementor-element-f9e914d\" data-id=\"f9e914d\" data-element_type=\"column\">\n\t\t\t<div class=\"elementor-widget-wrap elementor-element-populated\">\n\t\t\t\t\t\t<div class=\"elementor-element elementor-element-b5ce4e9 elementor-widget-divider--view-line elementor-widget elementor-widget-divider\" data-id=\"b5ce4e9\" data-element_type=\"widget\" data-widget_type=\"divider.default\">\n\t\t\t\t<div class=\"elementor-widget-container\">\n\t\t\t\t\t\t\t<div class=\"elementor-divider\">\n\t\t\t<span class=\"elementor-divider-separator\">\n\t\t\t\t\t\t<\/span>\n\t\t<\/div>\n\t\t\t\t\t\t<\/div>\n\t\t\t\t<\/div>\n\t\t\t\t<div class=\"elementor-element elementor-element-660bfc5 elementor-widget-divider--view-line elementor-widget elementor-widget-divider\" data-id=\"660bfc5\" data-element_type=\"widget\" data-widget_type=\"divider.default\">\n\t\t\t\t<div class=\"elementor-widget-container\">\n\t\t\t\t\t\t\t<div class=\"elementor-divider\">\n\t\t\t<span class=\"elementor-divider-separator\">\n\t\t\t\t\t\t<\/span>\n\t\t<\/div>\n\t\t\t\t\t\t<\/div>\n\t\t\t\t<\/div>\n\t\t\t\t\t<\/div>\n\t\t<\/div>\n\t\t\t\t\t<\/div>\n\t\t<\/section>\n\t\t\t\t<section class=\"elementor-section elementor-top-section elementor-element elementor-element-7477014 elementor-section-boxed elementor-section-height-default elementor-section-height-default\" data-id=\"7477014\" data-element_type=\"section\">\n\t\t\t\t\t\t<div class=\"elementor-container elementor-column-gap-default\">\n\t\t\t\t\t<div class=\"elementor-column elementor-col-100 elementor-top-column elementor-element elementor-element-c023c57\" data-id=\"c023c57\" data-element_type=\"column\">\n\t\t\t<div class=\"elementor-widget-wrap elementor-element-populated\">\n\t\t\t\t\t\t<div class=\"elementor-element elementor-element-b409ffa elementor-widget elementor-widget-heading\" data-id=\"b409ffa\" data-element_type=\"widget\" data-widget_type=\"heading.default\">\n\t\t\t\t<div class=\"elementor-widget-container\">\n\t\t\t\t\t<h2 class=\"elementor-heading-title elementor-size-default\">Contacto<\/h2>\t\t\t\t<\/div>\n\t\t\t\t<\/div>\n\t\t\t\t\t<\/div>\n\t\t<\/div>\n\t\t\t\t\t<\/div>\n\t\t<\/section>\n\t\t\t\t<section class=\"elementor-section elementor-top-section elementor-element elementor-element-a12fddd elementor-section-full_width elementor-section-height-default elementor-section-height-default\" data-id=\"a12fddd\" data-element_type=\"section\">\n\t\t\t\t\t\t<div class=\"elementor-container elementor-column-gap-default\">\n\t\t\t\t\t<div class=\"elementor-column elementor-col-100 elementor-top-column elementor-element elementor-element-5d42806\" data-id=\"5d42806\" data-element_type=\"column\">\n\t\t\t<div class=\"elementor-widget-wrap elementor-element-populated\">\n\t\t\t\t\t\t<div class=\"elementor-element elementor-element-0ff3ad4 elementor-widget elementor-widget-heading\" data-id=\"0ff3ad4\" data-element_type=\"widget\" data-widget_type=\"heading.default\">\n\t\t\t\t<div class=\"elementor-widget-container\">\n\t\t\t\t\t<h2 class=\"elementor-heading-title elementor-size-default\">T\u00e9lefono: +34 604 93 52 80<br><br>Email: kenstein.official@gmail.com<br><br>Instagram: @kenstein.offical<\/h2>\t\t\t\t<\/div>\n\t\t\t\t<\/div>\n\t\t\t\t\t<\/div>\n\t\t<\/div>\n\t\t\t\t\t<\/div>\n\t\t<\/section>\n\t\t\t\t<\/div>\n\t\t","protected":false},"excerpt":{"rendered":"<p>ABOUT ME Karima El K. Mi nombre es Karima y tengo 21 a\u00f1os actualmente. Nac\u00ed en un peque\u00f1o pueblo de Marruecos, pero me mud\u00e9 a Espa\u00f1a siendo muy ni\u00f1a. Ahora curso el \u00faltimo a\u00f1o de la carrera de Dise\u00f1o de Moda en Granada. Realizo mis estudios superiores en la escuela Estaci\u00f3n Dise\u00f1o con gran dedicaci\u00f3n. [&hellip;]<\/p>\n","protected":false},"author":1,"featured_media":0,"parent":0,"menu_order":0,"comment_status":"closed","ping_status":"closed","template":"elementor_header_footer","meta":{"footnotes":""},"class_list":["post-868","page","type-page","status-publish"],"yoast_head":"<!-- This site is optimized with the Yoast SEO Premium plugin v20.12 (Yoast SEO v20.12) - https:\/\/yoast.com\/wordpress\/plugins\/seo\/ -->\n<title>ABOUT ME -<\/title>\n<meta name=\"description\" content=\"Una profesional aplicada y con una mente curiosa, cuya sensibilidad art\u00edstica se nutre del cine negro y de la literatura cl\u00e1sica y de terror.\" \/>\n<meta name=\"robots\" content=\"index, follow, max-snippet:-1, max-image-preview:large, max-video-preview:-1\" \/>\n<link rel=\"canonical\" href=\"https:\/\/karima.estaciondiseno.es\/index.php\/abour-me\/\" \/>\n<meta property=\"og:locale\" content=\"es_ES\" \/>\n<meta property=\"og:type\" content=\"article\" \/>\n<meta property=\"og:title\" content=\"ABOUT ME\" \/>\n<meta property=\"og:description\" content=\"Una profesional aplicada y con una mente curiosa, cuya sensibilidad art\u00edstica se nutre del cine negro y de la literatura cl\u00e1sica y de terror.\" \/>\n<meta property=\"og:url\" content=\"https:\/\/karima.estaciondiseno.es\/index.php\/abour-me\/\" \/>\n<meta property=\"article:modified_time\" content=\"2025-12-25T13:30:12+00:00\" \/>\n<meta property=\"og:image\" content=\"https:\/\/karima.estaciondiseno.es\/wp-content\/uploads\/2025\/10\/MOODBOARD-1024x575.png\" \/>\n<meta name=\"twitter:card\" content=\"summary_large_image\" \/>\n<meta name=\"twitter:label1\" content=\"Tiempo de lectura\" \/>\n\t<meta name=\"twitter:data1\" content=\"2 minutos\" \/>\n<script type=\"application\/ld+json\" class=\"yoast-schema-graph\">{\"@context\":\"https:\/\/schema.org\",\"@graph\":[{\"@type\":\"WebPage\",\"@id\":\"https:\/\/karima.estaciondiseno.es\/index.php\/abour-me\/\",\"url\":\"https:\/\/karima.estaciondiseno.es\/index.php\/abour-me\/\",\"name\":\"ABOUT ME -\",\"isPartOf\":{\"@id\":\"https:\/\/karima.estaciondiseno.es\/#website\"},\"datePublished\":\"2025-11-28T13:08:15+00:00\",\"dateModified\":\"2025-12-25T13:30:12+00:00\",\"description\":\"Una profesional aplicada y con una mente curiosa, cuya sensibilidad art\u00edstica se nutre del cine negro y de la literatura cl\u00e1sica y de terror.\",\"breadcrumb\":{\"@id\":\"https:\/\/karima.estaciondiseno.es\/index.php\/abour-me\/#breadcrumb\"},\"inLanguage\":\"es\",\"potentialAction\":[{\"@type\":\"ReadAction\",\"target\":[\"https:\/\/karima.estaciondiseno.es\/index.php\/abour-me\/\"]}]},{\"@type\":\"BreadcrumbList\",\"@id\":\"https:\/\/karima.estaciondiseno.es\/index.php\/abour-me\/#breadcrumb\",\"itemListElement\":[{\"@type\":\"ListItem\",\"position\":1,\"name\":\"Home\",\"item\":\"https:\/\/karima.estaciondiseno.es\/\"},{\"@type\":\"ListItem\",\"position\":2,\"name\":\"ABOUT ME\"}]},{\"@type\":\"WebSite\",\"@id\":\"https:\/\/karima.estaciondiseno.es\/#website\",\"url\":\"https:\/\/karima.estaciondiseno.es\/\",\"name\":\"\",\"description\":\"\",\"potentialAction\":[{\"@type\":\"SearchAction\",\"target\":{\"@type\":\"EntryPoint\",\"urlTemplate\":\"https:\/\/karima.estaciondiseno.es\/?s={search_term_string}\"},\"query-input\":\"required name=search_term_string\"}],\"inLanguage\":\"es\"}]}<\/script>\n<!-- \/ Yoast SEO Premium plugin. -->","yoast_head_json":{"title":"ABOUT ME -","description":"Una profesional aplicada y con una mente curiosa, cuya sensibilidad art\u00edstica se nutre del cine negro y de la literatura cl\u00e1sica y de terror.","robots":{"index":"index","follow":"follow","max-snippet":"max-snippet:-1","max-image-preview":"max-image-preview:large","max-video-preview":"max-video-preview:-1"},"canonical":"https:\/\/karima.estaciondiseno.es\/index.php\/abour-me\/","og_locale":"es_ES","og_type":"article","og_title":"ABOUT ME","og_description":"Una profesional aplicada y con una mente curiosa, cuya sensibilidad art\u00edstica se nutre del cine negro y de la literatura cl\u00e1sica y de terror.","og_url":"https:\/\/karima.estaciondiseno.es\/index.php\/abour-me\/","article_modified_time":"2025-12-25T13:30:12+00:00","og_image":[{"url":"https:\/\/karima.estaciondiseno.es\/wp-content\/uploads\/2025\/10\/MOODBOARD-1024x575.png"}],"twitter_card":"summary_large_image","twitter_misc":{"Tiempo de lectura":"2 minutos"},"schema":{"@context":"https:\/\/schema.org","@graph":[{"@type":"WebPage","@id":"https:\/\/karima.estaciondiseno.es\/index.php\/abour-me\/","url":"https:\/\/karima.estaciondiseno.es\/index.php\/abour-me\/","name":"ABOUT ME -","isPartOf":{"@id":"https:\/\/karima.estaciondiseno.es\/#website"},"datePublished":"2025-11-28T13:08:15+00:00","dateModified":"2025-12-25T13:30:12+00:00","description":"Una profesional aplicada y con una mente curiosa, cuya sensibilidad art\u00edstica se nutre del cine negro y de la literatura cl\u00e1sica y de terror.","breadcrumb":{"@id":"https:\/\/karima.estaciondiseno.es\/index.php\/abour-me\/#breadcrumb"},"inLanguage":"es","potentialAction":[{"@type":"ReadAction","target":["https:\/\/karima.estaciondiseno.es\/index.php\/abour-me\/"]}]},{"@type":"BreadcrumbList","@id":"https:\/\/karima.estaciondiseno.es\/index.php\/abour-me\/#breadcrumb","itemListElement":[{"@type":"ListItem","position":1,"name":"Home","item":"https:\/\/karima.estaciondiseno.es\/"},{"@type":"ListItem","position":2,"name":"ABOUT ME"}]},{"@type":"WebSite","@id":"https:\/\/karima.estaciondiseno.es\/#website","url":"https:\/\/karima.estaciondiseno.es\/","name":"","description":"","potentialAction":[{"@type":"SearchAction","target":{"@type":"EntryPoint","urlTemplate":"https:\/\/karima.estaciondiseno.es\/?s={search_term_string}"},"query-input":"required name=search_term_string"}],"inLanguage":"es"}]}},"_links":{"self":[{"href":"https:\/\/karima.estaciondiseno.es\/index.php\/wp-json\/wp\/v2\/pages\/868","targetHints":{"allow":["GET"]}}],"collection":[{"href":"https:\/\/karima.estaciondiseno.es\/index.php\/wp-json\/wp\/v2\/pages"}],"about":[{"href":"https:\/\/karima.estaciondiseno.es\/index.php\/wp-json\/wp\/v2\/types\/page"}],"author":[{"embeddable":true,"href":"https:\/\/karima.estaciondiseno.es\/index.php\/wp-json\/wp\/v2\/users\/1"}],"replies":[{"embeddable":true,"href":"https:\/\/karima.estaciondiseno.es\/index.php\/wp-json\/wp\/v2\/comments?post=868"}],"version-history":[{"count":76,"href":"https:\/\/karima.estaciondiseno.es\/index.php\/wp-json\/wp\/v2\/pages\/868\/revisions"}],"predecessor-version":[{"id":1969,"href":"https:\/\/karima.estaciondiseno.es\/index.php\/wp-json\/wp\/v2\/pages\/868\/revisions\/1969"}],"wp:attachment":[{"href":"https:\/\/karima.estaciondiseno.es\/index.php\/wp-json\/wp\/v2\/media?parent=868"}],"curies":[{"name":"wp","href":"https:\/\/api.w.org\/{rel}","templated":true}]}}