{"id":561,"date":"2025-11-18T17:57:24","date_gmt":"2025-11-18T17:57:24","guid":{"rendered":"https:\/\/karima.estaciondiseno.es\/?page_id=561"},"modified":"2025-12-25T13:01:37","modified_gmt":"2025-12-25T13:01:37","slug":"trampantojo-2","status":"publish","type":"page","link":"https:\/\/karima.estaciondiseno.es\/index.php\/trampantojo-2\/","title":{"rendered":"TRAMPANTOJO"},"content":{"rendered":"\t\t<div data-elementor-type=\"wp-page\" data-elementor-id=\"561\" class=\"elementor elementor-561\">\n\t\t\t\t\t\t<section class=\"elementor-section elementor-top-section elementor-element elementor-element-906ae3b elementor-section-full_width elementor-section-height-full elementor-section-height-default elementor-section-items-middle\" data-id=\"906ae3b\" data-element_type=\"section\">\n\t\t\t\t\t\t<div class=\"elementor-container elementor-column-gap-default\">\n\t\t\t\t\t<div class=\"elementor-column elementor-col-100 elementor-top-column elementor-element elementor-element-852b930\" data-id=\"852b930\" data-element_type=\"column\">\n\t\t\t<div class=\"elementor-widget-wrap elementor-element-populated\">\n\t\t\t\t\t\t<div class=\"elementor-element elementor-element-0b0eea3 elementor-widget elementor-widget-heading\" data-id=\"0b0eea3\" data-element_type=\"widget\" data-widget_type=\"heading.default\">\n\t\t\t\t<div class=\"elementor-widget-container\">\n\t\t\t\t\t<h2 class=\"elementor-heading-title elementor-size-default\">TRAMPANTOJO<\/h2>\t\t\t\t<\/div>\n\t\t\t\t<\/div>\n\t\t\t\t\t<\/div>\n\t\t<\/div>\n\t\t\t\t\t<\/div>\n\t\t<\/section>\n\t\t\t\t<section class=\"elementor-section elementor-top-section elementor-element elementor-element-741a8d3 elementor-section-boxed elementor-section-height-default elementor-section-height-default\" data-id=\"741a8d3\" data-element_type=\"section\">\n\t\t\t\t\t\t<div class=\"elementor-container elementor-column-gap-default\">\n\t\t\t\t\t<div class=\"elementor-column elementor-col-100 elementor-top-column elementor-element elementor-element-92637ba\" data-id=\"92637ba\" data-element_type=\"column\">\n\t\t\t<div class=\"elementor-widget-wrap elementor-element-populated\">\n\t\t\t\t\t\t<div class=\"elementor-element elementor-element-05cac21 elementor-widget-divider--view-line elementor-widget elementor-widget-divider\" data-id=\"05cac21\" data-element_type=\"widget\" data-widget_type=\"divider.default\">\n\t\t\t\t<div class=\"elementor-widget-container\">\n\t\t\t\t\t\t\t<div class=\"elementor-divider\">\n\t\t\t<span class=\"elementor-divider-separator\">\n\t\t\t\t\t\t<\/span>\n\t\t<\/div>\n\t\t\t\t\t\t<\/div>\n\t\t\t\t<\/div>\n\t\t\t\t<div class=\"elementor-element elementor-element-5cd1ae6 elementor-widget elementor-widget-heading\" data-id=\"5cd1ae6\" data-element_type=\"widget\" data-widget_type=\"heading.default\">\n\t\t\t\t<div class=\"elementor-widget-container\">\n\t\t\t\t\t<h2 class=\"elementor-heading-title elementor-size-default\">- DISE\u00d1O DE UN TRAMPANTOJO -<\/h2>\t\t\t\t<\/div>\n\t\t\t\t<\/div>\n\t\t\t\t<div class=\"elementor-element elementor-element-5ed01ba elementor-widget-divider--view-line elementor-widget elementor-widget-divider\" data-id=\"5ed01ba\" data-element_type=\"widget\" data-widget_type=\"divider.default\">\n\t\t\t\t<div class=\"elementor-widget-container\">\n\t\t\t\t\t\t\t<div class=\"elementor-divider\">\n\t\t\t<span class=\"elementor-divider-separator\">\n\t\t\t\t\t\t<\/span>\n\t\t<\/div>\n\t\t\t\t\t\t<\/div>\n\t\t\t\t<\/div>\n\t\t\t\t\t<\/div>\n\t\t<\/div>\n\t\t\t\t\t<\/div>\n\t\t<\/section>\n\t\t\t\t<section class=\"elementor-section elementor-top-section elementor-element elementor-element-69a014e elementor-section-full_width elementor-section-height-default elementor-section-height-default\" data-id=\"69a014e\" data-element_type=\"section\">\n\t\t\t\t\t\t<div class=\"elementor-container elementor-column-gap-default\">\n\t\t\t\t\t<div class=\"elementor-column elementor-col-100 elementor-top-column elementor-element elementor-element-beac134\" data-id=\"beac134\" data-element_type=\"column\">\n\t\t\t<div class=\"elementor-widget-wrap elementor-element-populated\">\n\t\t\t\t\t\t<div class=\"elementor-element elementor-element-5629a06 elementor-widget elementor-widget-heading\" data-id=\"5629a06\" data-element_type=\"widget\" data-widget_type=\"heading.default\">\n\t\t\t\t<div class=\"elementor-widget-container\">\n\t\t\t\t\t<h2 class=\"elementor-heading-title elementor-size-default\">Este proyecto consiste en un vestido con un dise\u00f1o de trampantojo. La pieza se basa en el legado creativo del dise\u00f1ador Alexander McQueen. El vestido base fue confeccionado primero y despu\u00e9s se pint\u00f3 a mano. Para el dibujo utilic\u00e9 rotuladores textiles especiales de alta calidad t\u00e9cnica. Las im\u00e1genes pertenecen a una sesi\u00f3n de fotos que realic\u00e9 personalmente en su momento.<\/h2>\t\t\t\t<\/div>\n\t\t\t\t<\/div>\n\t\t\t\t<div class=\"elementor-element elementor-element-20f671f elementor-widget-divider--view-line elementor-widget elementor-widget-divider\" data-id=\"20f671f\" data-element_type=\"widget\" data-widget_type=\"divider.default\">\n\t\t\t\t<div class=\"elementor-widget-container\">\n\t\t\t\t\t\t\t<div class=\"elementor-divider\">\n\t\t\t<span class=\"elementor-divider-separator\">\n\t\t\t\t\t\t<\/span>\n\t\t<\/div>\n\t\t\t\t\t\t<\/div>\n\t\t\t\t<\/div>\n\t\t\t\t\t<\/div>\n\t\t<\/div>\n\t\t\t\t\t<\/div>\n\t\t<\/section>\n\t\t\t\t<section class=\"elementor-section elementor-top-section elementor-element elementor-element-3cb0df9 elementor-section-full_width elementor-section-height-default elementor-section-height-default\" data-id=\"3cb0df9\" data-element_type=\"section\">\n\t\t\t\t\t\t<div class=\"elementor-container elementor-column-gap-default\">\n\t\t\t\t\t<div class=\"elementor-column elementor-col-50 elementor-top-column elementor-element elementor-element-79e95dc\" data-id=\"79e95dc\" data-element_type=\"column\">\n\t\t\t<div class=\"elementor-widget-wrap elementor-element-populated\">\n\t\t\t\t\t\t<div class=\"elementor-element elementor-element-65c743a elementor-widget elementor-widget-image\" data-id=\"65c743a\" data-element_type=\"widget\" data-widget_type=\"image.default\">\n\t\t\t\t<div class=\"elementor-widget-container\">\n\t\t\t\t\t\t\t\t\t\t\t\t\t\t\t<img fetchpriority=\"high\" decoding=\"async\" width=\"768\" height=\"1024\" src=\"https:\/\/karima.estaciondiseno.es\/wp-content\/uploads\/2025\/11\/16505-768x1024.jpg\" class=\"attachment-large size-large wp-image-574\" alt=\"\" srcset=\"https:\/\/karima.estaciondiseno.es\/wp-content\/uploads\/2025\/11\/16505-768x1024.jpg 768w, https:\/\/karima.estaciondiseno.es\/wp-content\/uploads\/2025\/11\/16505-225x300.jpg 225w, https:\/\/karima.estaciondiseno.es\/wp-content\/uploads\/2025\/11\/16505-1152x1536.jpg 1152w, https:\/\/karima.estaciondiseno.es\/wp-content\/uploads\/2025\/11\/16505-1536x2048.jpg 1536w, https:\/\/karima.estaciondiseno.es\/wp-content\/uploads\/2025\/11\/16505-scaled.jpg 1920w\" sizes=\"(max-width: 768px) 100vw, 768px\" \/>\t\t\t\t\t\t\t\t\t\t\t\t\t\t\t<\/div>\n\t\t\t\t<\/div>\n\t\t\t\t\t<\/div>\n\t\t<\/div>\n\t\t\t\t<div class=\"elementor-column elementor-col-50 elementor-top-column elementor-element elementor-element-cb13d48\" data-id=\"cb13d48\" data-element_type=\"column\">\n\t\t\t<div class=\"elementor-widget-wrap elementor-element-populated\">\n\t\t\t\t\t\t<div class=\"elementor-element elementor-element-3ba5002 elementor-widget elementor-widget-image\" data-id=\"3ba5002\" data-element_type=\"widget\" data-widget_type=\"image.default\">\n\t\t\t\t<div class=\"elementor-widget-container\">\n\t\t\t\t\t\t\t\t\t\t\t\t\t\t\t<img decoding=\"async\" width=\"768\" height=\"1024\" src=\"https:\/\/karima.estaciondiseno.es\/wp-content\/uploads\/2025\/11\/16500-1-768x1024.jpg\" class=\"attachment-large size-large wp-image-580\" alt=\"\" srcset=\"https:\/\/karima.estaciondiseno.es\/wp-content\/uploads\/2025\/11\/16500-1-768x1024.jpg 768w, https:\/\/karima.estaciondiseno.es\/wp-content\/uploads\/2025\/11\/16500-1-225x300.jpg 225w, https:\/\/karima.estaciondiseno.es\/wp-content\/uploads\/2025\/11\/16500-1-1152x1536.jpg 1152w, https:\/\/karima.estaciondiseno.es\/wp-content\/uploads\/2025\/11\/16500-1-1536x2048.jpg 1536w, https:\/\/karima.estaciondiseno.es\/wp-content\/uploads\/2025\/11\/16500-1-scaled.jpg 1920w\" sizes=\"(max-width: 768px) 100vw, 768px\" \/>\t\t\t\t\t\t\t\t\t\t\t\t\t\t\t<\/div>\n\t\t\t\t<\/div>\n\t\t\t\t\t<\/div>\n\t\t<\/div>\n\t\t\t\t\t<\/div>\n\t\t<\/section>\n\t\t\t\t<section class=\"elementor-section elementor-top-section elementor-element elementor-element-85684ce elementor-section-full_width elementor-section-height-default elementor-section-height-default\" data-id=\"85684ce\" data-element_type=\"section\">\n\t\t\t\t\t\t<div class=\"elementor-container elementor-column-gap-default\">\n\t\t\t\t\t<div class=\"elementor-column elementor-col-25 elementor-top-column elementor-element elementor-element-b76dad0\" data-id=\"b76dad0\" data-element_type=\"column\">\n\t\t\t<div class=\"elementor-widget-wrap elementor-element-populated\">\n\t\t\t\t\t\t<div class=\"elementor-element elementor-element-26d15a9 elementor-widget elementor-widget-image\" data-id=\"26d15a9\" data-element_type=\"widget\" data-widget_type=\"image.default\">\n\t\t\t\t<div class=\"elementor-widget-container\">\n\t\t\t\t\t\t\t\t\t\t\t\t\t\t\t<img decoding=\"async\" width=\"768\" height=\"1024\" src=\"https:\/\/karima.estaciondiseno.es\/wp-content\/uploads\/2025\/11\/16493-768x1024.jpg\" class=\"attachment-large size-large wp-image-579\" alt=\"\" srcset=\"https:\/\/karima.estaciondiseno.es\/wp-content\/uploads\/2025\/11\/16493-768x1024.jpg 768w, https:\/\/karima.estaciondiseno.es\/wp-content\/uploads\/2025\/11\/16493-225x300.jpg 225w, https:\/\/karima.estaciondiseno.es\/wp-content\/uploads\/2025\/11\/16493-1152x1536.jpg 1152w, https:\/\/karima.estaciondiseno.es\/wp-content\/uploads\/2025\/11\/16493-1536x2048.jpg 1536w, https:\/\/karima.estaciondiseno.es\/wp-content\/uploads\/2025\/11\/16493-scaled.jpg 1920w\" sizes=\"(max-width: 768px) 100vw, 768px\" \/>\t\t\t\t\t\t\t\t\t\t\t\t\t\t\t<\/div>\n\t\t\t\t<\/div>\n\t\t\t\t\t<\/div>\n\t\t<\/div>\n\t\t\t\t<div class=\"elementor-column elementor-col-25 elementor-top-column elementor-element elementor-element-9b78f47\" data-id=\"9b78f47\" data-element_type=\"column\">\n\t\t\t<div class=\"elementor-widget-wrap elementor-element-populated\">\n\t\t\t\t\t\t<div class=\"elementor-element elementor-element-73c9fe9 elementor-widget elementor-widget-image\" data-id=\"73c9fe9\" data-element_type=\"widget\" data-widget_type=\"image.default\">\n\t\t\t\t<div class=\"elementor-widget-container\">\n\t\t\t\t\t\t\t\t\t\t\t\t\t\t\t<img loading=\"lazy\" decoding=\"async\" width=\"768\" height=\"1024\" src=\"https:\/\/karima.estaciondiseno.es\/wp-content\/uploads\/2025\/11\/16524-768x1024.jpg\" class=\"attachment-large size-large wp-image-582\" alt=\"\" srcset=\"https:\/\/karima.estaciondiseno.es\/wp-content\/uploads\/2025\/11\/16524-768x1024.jpg 768w, https:\/\/karima.estaciondiseno.es\/wp-content\/uploads\/2025\/11\/16524-225x300.jpg 225w, https:\/\/karima.estaciondiseno.es\/wp-content\/uploads\/2025\/11\/16524-1152x1536.jpg 1152w, https:\/\/karima.estaciondiseno.es\/wp-content\/uploads\/2025\/11\/16524-1536x2048.jpg 1536w, https:\/\/karima.estaciondiseno.es\/wp-content\/uploads\/2025\/11\/16524-scaled.jpg 1920w\" sizes=\"(max-width: 768px) 100vw, 768px\" \/>\t\t\t\t\t\t\t\t\t\t\t\t\t\t\t<\/div>\n\t\t\t\t<\/div>\n\t\t\t\t\t<\/div>\n\t\t<\/div>\n\t\t\t\t<div class=\"elementor-column elementor-col-25 elementor-top-column elementor-element elementor-element-8e4cc05\" data-id=\"8e4cc05\" data-element_type=\"column\">\n\t\t\t<div class=\"elementor-widget-wrap elementor-element-populated\">\n\t\t\t\t\t\t<div class=\"elementor-element elementor-element-7853cde elementor-widget elementor-widget-image\" data-id=\"7853cde\" data-element_type=\"widget\" data-widget_type=\"image.default\">\n\t\t\t\t<div class=\"elementor-widget-container\">\n\t\t\t\t\t\t\t\t\t\t\t\t\t\t\t<img loading=\"lazy\" decoding=\"async\" width=\"768\" height=\"1024\" src=\"https:\/\/karima.estaciondiseno.es\/wp-content\/uploads\/2025\/11\/16504-1-768x1024.jpg\" class=\"attachment-large size-large wp-image-573\" alt=\"\" srcset=\"https:\/\/karima.estaciondiseno.es\/wp-content\/uploads\/2025\/11\/16504-1-768x1024.jpg 768w, https:\/\/karima.estaciondiseno.es\/wp-content\/uploads\/2025\/11\/16504-1-225x300.jpg 225w, https:\/\/karima.estaciondiseno.es\/wp-content\/uploads\/2025\/11\/16504-1-1152x1536.jpg 1152w, https:\/\/karima.estaciondiseno.es\/wp-content\/uploads\/2025\/11\/16504-1-1536x2048.jpg 1536w, https:\/\/karima.estaciondiseno.es\/wp-content\/uploads\/2025\/11\/16504-1-scaled.jpg 1920w\" sizes=\"(max-width: 768px) 100vw, 768px\" \/>\t\t\t\t\t\t\t\t\t\t\t\t\t\t\t<\/div>\n\t\t\t\t<\/div>\n\t\t\t\t\t<\/div>\n\t\t<\/div>\n\t\t\t\t<div class=\"elementor-column elementor-col-25 elementor-top-column elementor-element elementor-element-de3f1a9\" data-id=\"de3f1a9\" data-element_type=\"column\">\n\t\t\t<div class=\"elementor-widget-wrap elementor-element-populated\">\n\t\t\t\t\t\t<div class=\"elementor-element elementor-element-5e84930 elementor-widget elementor-widget-image\" data-id=\"5e84930\" data-element_type=\"widget\" data-widget_type=\"image.default\">\n\t\t\t\t<div class=\"elementor-widget-container\">\n\t\t\t\t\t\t\t\t\t\t\t\t\t\t\t<img loading=\"lazy\" decoding=\"async\" width=\"768\" height=\"1024\" src=\"https:\/\/karima.estaciondiseno.es\/wp-content\/uploads\/2025\/11\/16509-1-768x1024.jpg\" class=\"attachment-large size-large wp-image-581\" alt=\"\" srcset=\"https:\/\/karima.estaciondiseno.es\/wp-content\/uploads\/2025\/11\/16509-1-768x1024.jpg 768w, https:\/\/karima.estaciondiseno.es\/wp-content\/uploads\/2025\/11\/16509-1-225x300.jpg 225w, https:\/\/karima.estaciondiseno.es\/wp-content\/uploads\/2025\/11\/16509-1-1152x1536.jpg 1152w, https:\/\/karima.estaciondiseno.es\/wp-content\/uploads\/2025\/11\/16509-1-1536x2048.jpg 1536w, https:\/\/karima.estaciondiseno.es\/wp-content\/uploads\/2025\/11\/16509-1-scaled.jpg 1920w\" sizes=\"(max-width: 768px) 100vw, 768px\" \/>\t\t\t\t\t\t\t\t\t\t\t\t\t\t\t<\/div>\n\t\t\t\t<\/div>\n\t\t\t\t\t<\/div>\n\t\t<\/div>\n\t\t\t\t\t<\/div>\n\t\t<\/section>\n\t\t\t\t<section class=\"elementor-section elementor-top-section elementor-element elementor-element-9bc09b6 elementor-section-full_width elementor-section-height-default elementor-section-height-default\" data-id=\"9bc09b6\" data-element_type=\"section\">\n\t\t\t\t\t\t<div class=\"elementor-container elementor-column-gap-default\">\n\t\t\t\t\t<div class=\"elementor-column elementor-col-50 elementor-top-column elementor-element elementor-element-1d34e36\" data-id=\"1d34e36\" data-element_type=\"column\">\n\t\t\t<div class=\"elementor-widget-wrap elementor-element-populated\">\n\t\t\t\t\t\t<div class=\"elementor-element elementor-element-d0cd3dc elementor-widget elementor-widget-image\" data-id=\"d0cd3dc\" data-element_type=\"widget\" data-widget_type=\"image.default\">\n\t\t\t\t<div class=\"elementor-widget-container\">\n\t\t\t\t\t\t\t\t\t\t\t\t\t\t\t<img loading=\"lazy\" decoding=\"async\" width=\"1024\" height=\"768\" src=\"https:\/\/karima.estaciondiseno.es\/wp-content\/uploads\/2025\/11\/16391-1-1024x768.jpg\" class=\"attachment-large size-large wp-image-577\" alt=\"\" srcset=\"https:\/\/karima.estaciondiseno.es\/wp-content\/uploads\/2025\/11\/16391-1-1024x768.jpg 1024w, https:\/\/karima.estaciondiseno.es\/wp-content\/uploads\/2025\/11\/16391-1-300x225.jpg 300w, https:\/\/karima.estaciondiseno.es\/wp-content\/uploads\/2025\/11\/16391-1-768x576.jpg 768w, https:\/\/karima.estaciondiseno.es\/wp-content\/uploads\/2025\/11\/16391-1-1536x1152.jpg 1536w, https:\/\/karima.estaciondiseno.es\/wp-content\/uploads\/2025\/11\/16391-1-2048x1536.jpg 2048w\" sizes=\"(max-width: 1024px) 100vw, 1024px\" \/>\t\t\t\t\t\t\t\t\t\t\t\t\t\t\t<\/div>\n\t\t\t\t<\/div>\n\t\t\t\t\t<\/div>\n\t\t<\/div>\n\t\t\t\t<div class=\"elementor-column elementor-col-50 elementor-top-column elementor-element elementor-element-c902b6a\" data-id=\"c902b6a\" data-element_type=\"column\">\n\t\t\t<div class=\"elementor-widget-wrap elementor-element-populated\">\n\t\t\t\t\t\t<div class=\"elementor-element elementor-element-28f0dcf elementor-widget elementor-widget-image\" data-id=\"28f0dcf\" data-element_type=\"widget\" data-widget_type=\"image.default\">\n\t\t\t\t<div class=\"elementor-widget-container\">\n\t\t\t\t\t\t\t\t\t\t\t\t\t\t\t<img loading=\"lazy\" decoding=\"async\" width=\"1024\" height=\"768\" src=\"https:\/\/karima.estaciondiseno.es\/wp-content\/uploads\/2025\/11\/16530-1024x768.jpg\" class=\"attachment-large size-large wp-image-583\" alt=\"\" srcset=\"https:\/\/karima.estaciondiseno.es\/wp-content\/uploads\/2025\/11\/16530-1024x768.jpg 1024w, https:\/\/karima.estaciondiseno.es\/wp-content\/uploads\/2025\/11\/16530-300x225.jpg 300w, https:\/\/karima.estaciondiseno.es\/wp-content\/uploads\/2025\/11\/16530-768x576.jpg 768w, https:\/\/karima.estaciondiseno.es\/wp-content\/uploads\/2025\/11\/16530-1536x1152.jpg 1536w, https:\/\/karima.estaciondiseno.es\/wp-content\/uploads\/2025\/11\/16530-2048x1536.jpg 2048w\" sizes=\"(max-width: 1024px) 100vw, 1024px\" \/>\t\t\t\t\t\t\t\t\t\t\t\t\t\t\t<\/div>\n\t\t\t\t<\/div>\n\t\t\t\t\t<\/div>\n\t\t<\/div>\n\t\t\t\t\t<\/div>\n\t\t<\/section>\n\t\t\t\t<\/div>\n\t\t","protected":false},"excerpt":{"rendered":"<p>TRAMPANTOJO &#8211; DISE\u00d1O DE UN TRAMPANTOJO &#8211; Este proyecto consiste en un vestido con un dise\u00f1o de trampantojo. La pieza se basa en el legado creativo del dise\u00f1ador Alexander McQueen. El vestido base fue confeccionado primero y despu\u00e9s se pint\u00f3 a mano. Para el dibujo utilic\u00e9 rotuladores textiles especiales de alta calidad t\u00e9cnica. Las im\u00e1genes [&hellip;]<\/p>\n","protected":false},"author":1,"featured_media":0,"parent":0,"menu_order":0,"comment_status":"closed","ping_status":"closed","template":"elementor_header_footer","meta":{"footnotes":""},"class_list":["post-561","page","type-page","status-publish"],"yoast_head":"<!-- This site is optimized with the Yoast SEO Premium plugin v20.12 (Yoast SEO v20.12) - https:\/\/yoast.com\/wordpress\/plugins\/seo\/ -->\n<title>Trampantojo - KARIMA EL<\/title>\n<meta name=\"description\" content=\"Este proyecto consiste en un vestido con un dise\u00f1o de trampantojo. La pieza se basa en el legado creativo del dise\u00f1ador Alexander McQueen.\" \/>\n<meta name=\"robots\" content=\"index, follow, max-snippet:-1, max-image-preview:large, max-video-preview:-1\" \/>\n<link rel=\"canonical\" href=\"https:\/\/karima.estaciondiseno.es\/index.php\/trampantojo-2\/\" \/>\n<meta property=\"og:locale\" content=\"es_ES\" \/>\n<meta property=\"og:type\" content=\"article\" \/>\n<meta property=\"og:title\" content=\"TRAMPANTOJO\" \/>\n<meta property=\"og:description\" content=\"Este proyecto consiste en un vestido con un dise\u00f1o de trampantojo. La pieza se basa en el legado creativo del dise\u00f1ador Alexander McQueen.\" \/>\n<meta property=\"og:url\" content=\"https:\/\/karima.estaciondiseno.es\/index.php\/trampantojo-2\/\" \/>\n<meta property=\"article:modified_time\" content=\"2025-12-25T13:01:37+00:00\" \/>\n<meta property=\"og:image\" content=\"https:\/\/karima.estaciondiseno.es\/wp-content\/uploads\/2025\/11\/16505-768x1024.jpg\" \/>\n<meta name=\"twitter:card\" content=\"summary_large_image\" \/>\n<meta name=\"twitter:label1\" content=\"Tiempo de lectura\" \/>\n\t<meta name=\"twitter:data1\" content=\"2 minutos\" \/>\n<script type=\"application\/ld+json\" class=\"yoast-schema-graph\">{\"@context\":\"https:\/\/schema.org\",\"@graph\":[{\"@type\":\"WebPage\",\"@id\":\"https:\/\/karima.estaciondiseno.es\/index.php\/trampantojo-2\/\",\"url\":\"https:\/\/karima.estaciondiseno.es\/index.php\/trampantojo-2\/\",\"name\":\"Trampantojo - KARIMA EL\",\"isPartOf\":{\"@id\":\"https:\/\/karima.estaciondiseno.es\/#website\"},\"datePublished\":\"2025-11-18T17:57:24+00:00\",\"dateModified\":\"2025-12-25T13:01:37+00:00\",\"description\":\"Este proyecto consiste en un vestido con un dise\u00f1o de trampantojo. La pieza se basa en el legado creativo del dise\u00f1ador Alexander McQueen.\",\"breadcrumb\":{\"@id\":\"https:\/\/karima.estaciondiseno.es\/index.php\/trampantojo-2\/#breadcrumb\"},\"inLanguage\":\"es\",\"potentialAction\":[{\"@type\":\"ReadAction\",\"target\":[\"https:\/\/karima.estaciondiseno.es\/index.php\/trampantojo-2\/\"]}]},{\"@type\":\"BreadcrumbList\",\"@id\":\"https:\/\/karima.estaciondiseno.es\/index.php\/trampantojo-2\/#breadcrumb\",\"itemListElement\":[{\"@type\":\"ListItem\",\"position\":1,\"name\":\"Home\",\"item\":\"https:\/\/karima.estaciondiseno.es\/\"},{\"@type\":\"ListItem\",\"position\":2,\"name\":\"TRAMPANTOJO\"}]},{\"@type\":\"WebSite\",\"@id\":\"https:\/\/karima.estaciondiseno.es\/#website\",\"url\":\"https:\/\/karima.estaciondiseno.es\/\",\"name\":\"\",\"description\":\"\",\"potentialAction\":[{\"@type\":\"SearchAction\",\"target\":{\"@type\":\"EntryPoint\",\"urlTemplate\":\"https:\/\/karima.estaciondiseno.es\/?s={search_term_string}\"},\"query-input\":\"required name=search_term_string\"}],\"inLanguage\":\"es\"}]}<\/script>\n<!-- \/ Yoast SEO Premium plugin. -->","yoast_head_json":{"title":"Trampantojo - KARIMA EL","description":"Este proyecto consiste en un vestido con un dise\u00f1o de trampantojo. La pieza se basa en el legado creativo del dise\u00f1ador Alexander McQueen.","robots":{"index":"index","follow":"follow","max-snippet":"max-snippet:-1","max-image-preview":"max-image-preview:large","max-video-preview":"max-video-preview:-1"},"canonical":"https:\/\/karima.estaciondiseno.es\/index.php\/trampantojo-2\/","og_locale":"es_ES","og_type":"article","og_title":"TRAMPANTOJO","og_description":"Este proyecto consiste en un vestido con un dise\u00f1o de trampantojo. La pieza se basa en el legado creativo del dise\u00f1ador Alexander McQueen.","og_url":"https:\/\/karima.estaciondiseno.es\/index.php\/trampantojo-2\/","article_modified_time":"2025-12-25T13:01:37+00:00","og_image":[{"url":"https:\/\/karima.estaciondiseno.es\/wp-content\/uploads\/2025\/11\/16505-768x1024.jpg"}],"twitter_card":"summary_large_image","twitter_misc":{"Tiempo de lectura":"2 minutos"},"schema":{"@context":"https:\/\/schema.org","@graph":[{"@type":"WebPage","@id":"https:\/\/karima.estaciondiseno.es\/index.php\/trampantojo-2\/","url":"https:\/\/karima.estaciondiseno.es\/index.php\/trampantojo-2\/","name":"Trampantojo - KARIMA EL","isPartOf":{"@id":"https:\/\/karima.estaciondiseno.es\/#website"},"datePublished":"2025-11-18T17:57:24+00:00","dateModified":"2025-12-25T13:01:37+00:00","description":"Este proyecto consiste en un vestido con un dise\u00f1o de trampantojo. La pieza se basa en el legado creativo del dise\u00f1ador Alexander McQueen.","breadcrumb":{"@id":"https:\/\/karima.estaciondiseno.es\/index.php\/trampantojo-2\/#breadcrumb"},"inLanguage":"es","potentialAction":[{"@type":"ReadAction","target":["https:\/\/karima.estaciondiseno.es\/index.php\/trampantojo-2\/"]}]},{"@type":"BreadcrumbList","@id":"https:\/\/karima.estaciondiseno.es\/index.php\/trampantojo-2\/#breadcrumb","itemListElement":[{"@type":"ListItem","position":1,"name":"Home","item":"https:\/\/karima.estaciondiseno.es\/"},{"@type":"ListItem","position":2,"name":"TRAMPANTOJO"}]},{"@type":"WebSite","@id":"https:\/\/karima.estaciondiseno.es\/#website","url":"https:\/\/karima.estaciondiseno.es\/","name":"","description":"","potentialAction":[{"@type":"SearchAction","target":{"@type":"EntryPoint","urlTemplate":"https:\/\/karima.estaciondiseno.es\/?s={search_term_string}"},"query-input":"required name=search_term_string"}],"inLanguage":"es"}]}},"_links":{"self":[{"href":"https:\/\/karima.estaciondiseno.es\/index.php\/wp-json\/wp\/v2\/pages\/561","targetHints":{"allow":["GET"]}}],"collection":[{"href":"https:\/\/karima.estaciondiseno.es\/index.php\/wp-json\/wp\/v2\/pages"}],"about":[{"href":"https:\/\/karima.estaciondiseno.es\/index.php\/wp-json\/wp\/v2\/types\/page"}],"author":[{"embeddable":true,"href":"https:\/\/karima.estaciondiseno.es\/index.php\/wp-json\/wp\/v2\/users\/1"}],"replies":[{"embeddable":true,"href":"https:\/\/karima.estaciondiseno.es\/index.php\/wp-json\/wp\/v2\/comments?post=561"}],"version-history":[{"count":24,"href":"https:\/\/karima.estaciondiseno.es\/index.php\/wp-json\/wp\/v2\/pages\/561\/revisions"}],"predecessor-version":[{"id":1996,"href":"https:\/\/karima.estaciondiseno.es\/index.php\/wp-json\/wp\/v2\/pages\/561\/revisions\/1996"}],"wp:attachment":[{"href":"https:\/\/karima.estaciondiseno.es\/index.php\/wp-json\/wp\/v2\/media?parent=561"}],"curies":[{"name":"wp","href":"https:\/\/api.w.org\/{rel}","templated":true}]}}