{"id":559,"date":"2025-11-18T17:56:59","date_gmt":"2025-11-18T17:56:59","guid":{"rendered":"https:\/\/karima.estaciondiseno.es\/?page_id=559"},"modified":"2025-12-25T13:21:39","modified_gmt":"2025-12-25T13:21:39","slug":"trampantojo","status":"publish","type":"page","link":"https:\/\/karima.estaciondiseno.es\/index.php\/trampantojo\/","title":{"rendered":"EXHIBICIONES"},"content":{"rendered":"\t\t<div data-elementor-type=\"wp-page\" data-elementor-id=\"559\" class=\"elementor elementor-559\">\n\t\t\t\t\t\t<section class=\"elementor-section elementor-top-section elementor-element elementor-element-906ae3b elementor-section-full_width elementor-section-height-full elementor-section-height-default elementor-section-items-middle\" data-id=\"906ae3b\" data-element_type=\"section\">\n\t\t\t\t\t\t<div class=\"elementor-container elementor-column-gap-default\">\n\t\t\t\t\t<div class=\"elementor-column elementor-col-100 elementor-top-column elementor-element elementor-element-852b930\" data-id=\"852b930\" data-element_type=\"column\">\n\t\t\t<div class=\"elementor-widget-wrap elementor-element-populated\">\n\t\t\t\t\t\t<div class=\"elementor-element elementor-element-0b0eea3 elementor-widget elementor-widget-heading\" data-id=\"0b0eea3\" data-element_type=\"widget\" data-widget_type=\"heading.default\">\n\t\t\t\t<div class=\"elementor-widget-container\">\n\t\t\t\t\t<h2 class=\"elementor-heading-title elementor-size-default\">EXHIBICIONES<\/h2>\t\t\t\t<\/div>\n\t\t\t\t<\/div>\n\t\t\t\t\t<\/div>\n\t\t<\/div>\n\t\t\t\t\t<\/div>\n\t\t<\/section>\n\t\t\t\t<section class=\"elementor-section elementor-top-section elementor-element elementor-element-c751edc elementor-section-boxed elementor-section-height-default elementor-section-height-default\" data-id=\"c751edc\" data-element_type=\"section\">\n\t\t\t\t\t\t<div class=\"elementor-container elementor-column-gap-default\">\n\t\t\t\t\t<div class=\"elementor-column elementor-col-100 elementor-top-column elementor-element elementor-element-474d7d0\" data-id=\"474d7d0\" data-element_type=\"column\">\n\t\t\t<div class=\"elementor-widget-wrap elementor-element-populated\">\n\t\t\t\t\t\t<div class=\"elementor-element elementor-element-7689b7e elementor-widget-divider--view-line elementor-widget elementor-widget-divider\" data-id=\"7689b7e\" data-element_type=\"widget\" data-widget_type=\"divider.default\">\n\t\t\t\t<div class=\"elementor-widget-container\">\n\t\t\t\t\t\t\t<div class=\"elementor-divider\">\n\t\t\t<span class=\"elementor-divider-separator\">\n\t\t\t\t\t\t<\/span>\n\t\t<\/div>\n\t\t\t\t\t\t<\/div>\n\t\t\t\t<\/div>\n\t\t\t\t<div class=\"elementor-element elementor-element-fa174d9 elementor-widget elementor-widget-heading\" data-id=\"fa174d9\" data-element_type=\"widget\" data-widget_type=\"heading.default\">\n\t\t\t\t<div class=\"elementor-widget-container\">\n\t\t\t\t\t<h2 class=\"elementor-heading-title elementor-size-default\">- EXHIBICI\u00d3N DE JOVENES DISE\u00d1ADORES DE ANDALUC\u00cdA EN LA C\u00c1MARA DE GRANADA-<\/h2>\t\t\t\t<\/div>\n\t\t\t\t<\/div>\n\t\t\t\t<div class=\"elementor-element elementor-element-629d6fd elementor-widget-divider--view-line elementor-widget elementor-widget-divider\" data-id=\"629d6fd\" data-element_type=\"widget\" data-widget_type=\"divider.default\">\n\t\t\t\t<div class=\"elementor-widget-container\">\n\t\t\t\t\t\t\t<div class=\"elementor-divider\">\n\t\t\t<span class=\"elementor-divider-separator\">\n\t\t\t\t\t\t<\/span>\n\t\t<\/div>\n\t\t\t\t\t\t<\/div>\n\t\t\t\t<\/div>\n\t\t\t\t\t<\/div>\n\t\t<\/div>\n\t\t\t\t\t<\/div>\n\t\t<\/section>\n\t\t\t\t<section class=\"elementor-section elementor-top-section elementor-element elementor-element-5a49ef1 elementor-section-full_width elementor-section-height-default elementor-section-height-default\" data-id=\"5a49ef1\" data-element_type=\"section\">\n\t\t\t\t\t\t<div class=\"elementor-container elementor-column-gap-default\">\n\t\t\t\t\t<div class=\"elementor-column elementor-col-50 elementor-top-column elementor-element elementor-element-0b59968\" data-id=\"0b59968\" data-element_type=\"column\">\n\t\t\t<div class=\"elementor-widget-wrap elementor-element-populated\">\n\t\t\t\t\t\t<div class=\"elementor-element elementor-element-67e6364 elementor-widget elementor-widget-image\" data-id=\"67e6364\" data-element_type=\"widget\" data-widget_type=\"image.default\">\n\t\t\t\t<div class=\"elementor-widget-container\">\n\t\t\t\t\t\t\t\t\t\t\t\t\t\t\t<img fetchpriority=\"high\" decoding=\"async\" width=\"768\" height=\"1015\" src=\"https:\/\/karima.estaciondiseno.es\/wp-content\/uploads\/2025\/11\/IMG_6737-1-768x1015.png\" class=\"attachment-medium_large size-medium_large wp-image-899\" alt=\"\" srcset=\"https:\/\/karima.estaciondiseno.es\/wp-content\/uploads\/2025\/11\/IMG_6737-1-768x1015.png 768w, https:\/\/karima.estaciondiseno.es\/wp-content\/uploads\/2025\/11\/IMG_6737-1-227x300.png 227w, https:\/\/karima.estaciondiseno.es\/wp-content\/uploads\/2025\/11\/IMG_6737-1-775x1024.png 775w, https:\/\/karima.estaciondiseno.es\/wp-content\/uploads\/2025\/11\/IMG_6737-1.png 1125w\" sizes=\"(max-width: 768px) 100vw, 768px\" \/>\t\t\t\t\t\t\t\t\t\t\t\t\t\t\t<\/div>\n\t\t\t\t<\/div>\n\t\t\t\t<div class=\"elementor-element elementor-element-1e7f1d4 elementor-widget-divider--view-line elementor-widget elementor-widget-divider\" data-id=\"1e7f1d4\" data-element_type=\"widget\" data-widget_type=\"divider.default\">\n\t\t\t\t<div class=\"elementor-widget-container\">\n\t\t\t\t\t\t\t<div class=\"elementor-divider\">\n\t\t\t<span class=\"elementor-divider-separator\">\n\t\t\t\t\t\t<\/span>\n\t\t<\/div>\n\t\t\t\t\t\t<\/div>\n\t\t\t\t<\/div>\n\t\t\t\t\t<\/div>\n\t\t<\/div>\n\t\t\t\t<div class=\"elementor-column elementor-col-50 elementor-top-column elementor-element elementor-element-9c014d3\" data-id=\"9c014d3\" data-element_type=\"column\">\n\t\t\t<div class=\"elementor-widget-wrap elementor-element-populated\">\n\t\t\t\t\t\t<div class=\"elementor-element elementor-element-f7bcd43 elementor-widget elementor-widget-image\" data-id=\"f7bcd43\" data-element_type=\"widget\" data-widget_type=\"image.default\">\n\t\t\t\t<div class=\"elementor-widget-container\">\n\t\t\t\t\t\t\t\t\t\t\t\t\t\t\t<img decoding=\"async\" width=\"768\" height=\"944\" src=\"https:\/\/karima.estaciondiseno.es\/wp-content\/uploads\/2025\/11\/baf46184-e353-4540-b631-abb7f5d12b5a-1-4-768x944.jpg\" class=\"attachment-medium_large size-medium_large wp-image-920\" alt=\"\" srcset=\"https:\/\/karima.estaciondiseno.es\/wp-content\/uploads\/2025\/11\/baf46184-e353-4540-b631-abb7f5d12b5a-1-4-768x944.jpg 768w, https:\/\/karima.estaciondiseno.es\/wp-content\/uploads\/2025\/11\/baf46184-e353-4540-b631-abb7f5d12b5a-1-4-244x300.jpg 244w, https:\/\/karima.estaciondiseno.es\/wp-content\/uploads\/2025\/11\/baf46184-e353-4540-b631-abb7f5d12b5a-1-4-833x1024.jpg 833w, https:\/\/karima.estaciondiseno.es\/wp-content\/uploads\/2025\/11\/baf46184-e353-4540-b631-abb7f5d12b5a-1-4-1250x1536.jpg 1250w, https:\/\/karima.estaciondiseno.es\/wp-content\/uploads\/2025\/11\/baf46184-e353-4540-b631-abb7f5d12b5a-1-4-1666x2048.jpg 1666w\" sizes=\"(max-width: 768px) 100vw, 768px\" \/>\t\t\t\t\t\t\t\t\t\t\t\t\t\t\t<\/div>\n\t\t\t\t<\/div>\n\t\t\t\t<div class=\"elementor-element elementor-element-e1386a9 elementor-widget-divider--view-line elementor-widget elementor-widget-divider\" data-id=\"e1386a9\" data-element_type=\"widget\" data-widget_type=\"divider.default\">\n\t\t\t\t<div class=\"elementor-widget-container\">\n\t\t\t\t\t\t\t<div class=\"elementor-divider\">\n\t\t\t<span class=\"elementor-divider-separator\">\n\t\t\t\t\t\t<\/span>\n\t\t<\/div>\n\t\t\t\t\t\t<\/div>\n\t\t\t\t<\/div>\n\t\t\t\t\t<\/div>\n\t\t<\/div>\n\t\t\t\t\t<\/div>\n\t\t<\/section>\n\t\t\t\t<section class=\"elementor-section elementor-top-section elementor-element elementor-element-741a8d3 elementor-section-boxed elementor-section-height-default elementor-section-height-default\" data-id=\"741a8d3\" data-element_type=\"section\">\n\t\t\t\t\t\t<div class=\"elementor-container elementor-column-gap-default\">\n\t\t\t\t\t<div class=\"elementor-column elementor-col-100 elementor-top-column elementor-element elementor-element-92637ba\" data-id=\"92637ba\" data-element_type=\"column\">\n\t\t\t<div class=\"elementor-widget-wrap elementor-element-populated\">\n\t\t\t\t\t\t<div class=\"elementor-element elementor-element-05cac21 elementor-widget-divider--view-line elementor-widget elementor-widget-divider\" data-id=\"05cac21\" data-element_type=\"widget\" data-widget_type=\"divider.default\">\n\t\t\t\t<div class=\"elementor-widget-container\">\n\t\t\t\t\t\t\t<div class=\"elementor-divider\">\n\t\t\t<span class=\"elementor-divider-separator\">\n\t\t\t\t\t\t<\/span>\n\t\t<\/div>\n\t\t\t\t\t\t<\/div>\n\t\t\t\t<\/div>\n\t\t\t\t<div class=\"elementor-element elementor-element-5cd1ae6 elementor-widget elementor-widget-heading\" data-id=\"5cd1ae6\" data-element_type=\"widget\" data-widget_type=\"heading.default\">\n\t\t\t\t<div class=\"elementor-widget-container\">\n\t\t\t\t\t<h2 class=\"elementor-heading-title elementor-size-default\">- EXHIBICI\u00d3N DE TRAMPANTOJO EN EL MUSEO DEL TRAJE DE MADRID -<\/h2>\t\t\t\t<\/div>\n\t\t\t\t<\/div>\n\t\t\t\t<div class=\"elementor-element elementor-element-5ed01ba elementor-widget-divider--view-line elementor-widget elementor-widget-divider\" data-id=\"5ed01ba\" data-element_type=\"widget\" data-widget_type=\"divider.default\">\n\t\t\t\t<div class=\"elementor-widget-container\">\n\t\t\t\t\t\t\t<div class=\"elementor-divider\">\n\t\t\t<span class=\"elementor-divider-separator\">\n\t\t\t\t\t\t<\/span>\n\t\t<\/div>\n\t\t\t\t\t\t<\/div>\n\t\t\t\t<\/div>\n\t\t\t\t\t<\/div>\n\t\t<\/div>\n\t\t\t\t\t<\/div>\n\t\t<\/section>\n\t\t\t\t<section class=\"elementor-section elementor-top-section elementor-element elementor-element-1b62a58 elementor-section-full_width elementor-section-height-default elementor-section-height-default\" data-id=\"1b62a58\" data-element_type=\"section\">\n\t\t\t\t\t\t<div class=\"elementor-container elementor-column-gap-default\">\n\t\t\t\t\t<div class=\"elementor-column elementor-col-66 elementor-top-column elementor-element elementor-element-d5c817c\" data-id=\"d5c817c\" data-element_type=\"column\">\n\t\t\t<div class=\"elementor-widget-wrap elementor-element-populated\">\n\t\t\t\t\t\t<div class=\"elementor-element elementor-element-0652fe7 elementor-widget elementor-widget-image\" data-id=\"0652fe7\" data-element_type=\"widget\" data-widget_type=\"image.default\">\n\t\t\t\t<div class=\"elementor-widget-container\">\n\t\t\t\t\t\t\t\t\t\t\t\t\t\t\t<img decoding=\"async\" width=\"1021\" height=\"679\" src=\"https:\/\/karima.estaciondiseno.es\/wp-content\/uploads\/2025\/11\/Captura-de-pantalla-2024-06-12-a-las-15.56.55-1-1.png\" class=\"attachment-large size-large wp-image-894\" alt=\"\" srcset=\"https:\/\/karima.estaciondiseno.es\/wp-content\/uploads\/2025\/11\/Captura-de-pantalla-2024-06-12-a-las-15.56.55-1-1.png 1021w, https:\/\/karima.estaciondiseno.es\/wp-content\/uploads\/2025\/11\/Captura-de-pantalla-2024-06-12-a-las-15.56.55-1-1-300x200.png 300w, https:\/\/karima.estaciondiseno.es\/wp-content\/uploads\/2025\/11\/Captura-de-pantalla-2024-06-12-a-las-15.56.55-1-1-768x511.png 768w\" sizes=\"(max-width: 1021px) 100vw, 1021px\" \/>\t\t\t\t\t\t\t\t\t\t\t\t\t\t\t<\/div>\n\t\t\t\t<\/div>\n\t\t\t\t\t<\/div>\n\t\t<\/div>\n\t\t\t\t<div class=\"elementor-column elementor-col-33 elementor-top-column elementor-element elementor-element-22f602a\" data-id=\"22f602a\" data-element_type=\"column\">\n\t\t\t<div class=\"elementor-widget-wrap elementor-element-populated\">\n\t\t\t\t\t\t<div class=\"elementor-element elementor-element-d35a5d2 elementor-widget elementor-widget-image\" data-id=\"d35a5d2\" data-element_type=\"widget\" data-widget_type=\"image.default\">\n\t\t\t\t<div class=\"elementor-widget-container\">\n\t\t\t\t\t\t\t\t\t\t\t\t\t\t\t<img loading=\"lazy\" decoding=\"async\" width=\"768\" height=\"1024\" src=\"https:\/\/karima.estaciondiseno.es\/wp-content\/uploads\/2025\/11\/16509-1-768x1024.jpg\" class=\"attachment-large size-large wp-image-581\" alt=\"\" srcset=\"https:\/\/karima.estaciondiseno.es\/wp-content\/uploads\/2025\/11\/16509-1-768x1024.jpg 768w, https:\/\/karima.estaciondiseno.es\/wp-content\/uploads\/2025\/11\/16509-1-225x300.jpg 225w, https:\/\/karima.estaciondiseno.es\/wp-content\/uploads\/2025\/11\/16509-1-1152x1536.jpg 1152w, https:\/\/karima.estaciondiseno.es\/wp-content\/uploads\/2025\/11\/16509-1-1536x2048.jpg 1536w, https:\/\/karima.estaciondiseno.es\/wp-content\/uploads\/2025\/11\/16509-1-scaled.jpg 1920w\" sizes=\"(max-width: 768px) 100vw, 768px\" \/>\t\t\t\t\t\t\t\t\t\t\t\t\t\t\t<\/div>\n\t\t\t\t<\/div>\n\t\t\t\t\t<\/div>\n\t\t<\/div>\n\t\t\t\t\t<\/div>\n\t\t<\/section>\n\t\t\t\t<\/div>\n\t\t","protected":false},"excerpt":{"rendered":"<p>EXHIBICIONES &#8211; EXHIBICI\u00d3N DE JOVENES DISE\u00d1ADORES DE ANDALUC\u00cdA EN LA C\u00c1MARA DE GRANADA- &#8211; EXHIBICI\u00d3N DE TRAMPANTOJO EN EL MUSEO DEL TRAJE DE MADRID &#8211;<\/p>\n","protected":false},"author":1,"featured_media":0,"parent":0,"menu_order":0,"comment_status":"closed","ping_status":"closed","template":"elementor_header_footer","meta":{"footnotes":""},"class_list":["post-559","page","type-page","status-publish"],"yoast_head":"<!-- This site is optimized with the Yoast SEO Premium plugin v20.12 (Yoast SEO v20.12) - https:\/\/yoast.com\/wordpress\/plugins\/seo\/ -->\n<title>EXHIBICIONES -<\/title>\n<meta name=\"description\" content=\"Se muestran las exhibiciones de algunas prendas creadas, que fueron mostradas en diferentes lugares de Espa\u00f1a.\" \/>\n<meta name=\"robots\" content=\"index, follow, max-snippet:-1, max-image-preview:large, max-video-preview:-1\" \/>\n<link rel=\"canonical\" href=\"https:\/\/karima.estaciondiseno.es\/index.php\/trampantojo\/\" \/>\n<meta property=\"og:locale\" content=\"es_ES\" \/>\n<meta property=\"og:type\" content=\"article\" \/>\n<meta property=\"og:title\" content=\"EXHIBICIONES\" \/>\n<meta property=\"og:description\" content=\"Se muestran las exhibiciones de algunas prendas creadas, que fueron mostradas en diferentes lugares de Espa\u00f1a.\" \/>\n<meta property=\"og:url\" content=\"https:\/\/karima.estaciondiseno.es\/index.php\/trampantojo\/\" \/>\n<meta property=\"article:modified_time\" content=\"2025-12-25T13:21:39+00:00\" \/>\n<meta property=\"og:image\" content=\"https:\/\/karima.estaciondiseno.es\/wp-content\/uploads\/2025\/11\/IMG_6737-1-768x1015.png\" \/>\n<meta name=\"twitter:card\" content=\"summary_large_image\" \/>\n<meta name=\"twitter:label1\" content=\"Tiempo de lectura\" \/>\n\t<meta name=\"twitter:data1\" content=\"1 minuto\" \/>\n<script type=\"application\/ld+json\" class=\"yoast-schema-graph\">{\"@context\":\"https:\/\/schema.org\",\"@graph\":[{\"@type\":\"WebPage\",\"@id\":\"https:\/\/karima.estaciondiseno.es\/index.php\/trampantojo\/\",\"url\":\"https:\/\/karima.estaciondiseno.es\/index.php\/trampantojo\/\",\"name\":\"EXHIBICIONES -\",\"isPartOf\":{\"@id\":\"https:\/\/karima.estaciondiseno.es\/#website\"},\"datePublished\":\"2025-11-18T17:56:59+00:00\",\"dateModified\":\"2025-12-25T13:21:39+00:00\",\"description\":\"Se muestran las exhibiciones de algunas prendas creadas, que fueron mostradas en diferentes lugares de Espa\u00f1a.\",\"breadcrumb\":{\"@id\":\"https:\/\/karima.estaciondiseno.es\/index.php\/trampantojo\/#breadcrumb\"},\"inLanguage\":\"es\",\"potentialAction\":[{\"@type\":\"ReadAction\",\"target\":[\"https:\/\/karima.estaciondiseno.es\/index.php\/trampantojo\/\"]}]},{\"@type\":\"BreadcrumbList\",\"@id\":\"https:\/\/karima.estaciondiseno.es\/index.php\/trampantojo\/#breadcrumb\",\"itemListElement\":[{\"@type\":\"ListItem\",\"position\":1,\"name\":\"Home\",\"item\":\"https:\/\/karima.estaciondiseno.es\/\"},{\"@type\":\"ListItem\",\"position\":2,\"name\":\"EXHIBICIONES\"}]},{\"@type\":\"WebSite\",\"@id\":\"https:\/\/karima.estaciondiseno.es\/#website\",\"url\":\"https:\/\/karima.estaciondiseno.es\/\",\"name\":\"\",\"description\":\"\",\"potentialAction\":[{\"@type\":\"SearchAction\",\"target\":{\"@type\":\"EntryPoint\",\"urlTemplate\":\"https:\/\/karima.estaciondiseno.es\/?s={search_term_string}\"},\"query-input\":\"required name=search_term_string\"}],\"inLanguage\":\"es\"}]}<\/script>\n<!-- \/ Yoast SEO Premium plugin. -->","yoast_head_json":{"title":"EXHIBICIONES -","description":"Se muestran las exhibiciones de algunas prendas creadas, que fueron mostradas en diferentes lugares de Espa\u00f1a.","robots":{"index":"index","follow":"follow","max-snippet":"max-snippet:-1","max-image-preview":"max-image-preview:large","max-video-preview":"max-video-preview:-1"},"canonical":"https:\/\/karima.estaciondiseno.es\/index.php\/trampantojo\/","og_locale":"es_ES","og_type":"article","og_title":"EXHIBICIONES","og_description":"Se muestran las exhibiciones de algunas prendas creadas, que fueron mostradas en diferentes lugares de Espa\u00f1a.","og_url":"https:\/\/karima.estaciondiseno.es\/index.php\/trampantojo\/","article_modified_time":"2025-12-25T13:21:39+00:00","og_image":[{"url":"https:\/\/karima.estaciondiseno.es\/wp-content\/uploads\/2025\/11\/IMG_6737-1-768x1015.png"}],"twitter_card":"summary_large_image","twitter_misc":{"Tiempo de lectura":"1 minuto"},"schema":{"@context":"https:\/\/schema.org","@graph":[{"@type":"WebPage","@id":"https:\/\/karima.estaciondiseno.es\/index.php\/trampantojo\/","url":"https:\/\/karima.estaciondiseno.es\/index.php\/trampantojo\/","name":"EXHIBICIONES -","isPartOf":{"@id":"https:\/\/karima.estaciondiseno.es\/#website"},"datePublished":"2025-11-18T17:56:59+00:00","dateModified":"2025-12-25T13:21:39+00:00","description":"Se muestran las exhibiciones de algunas prendas creadas, que fueron mostradas en diferentes lugares de Espa\u00f1a.","breadcrumb":{"@id":"https:\/\/karima.estaciondiseno.es\/index.php\/trampantojo\/#breadcrumb"},"inLanguage":"es","potentialAction":[{"@type":"ReadAction","target":["https:\/\/karima.estaciondiseno.es\/index.php\/trampantojo\/"]}]},{"@type":"BreadcrumbList","@id":"https:\/\/karima.estaciondiseno.es\/index.php\/trampantojo\/#breadcrumb","itemListElement":[{"@type":"ListItem","position":1,"name":"Home","item":"https:\/\/karima.estaciondiseno.es\/"},{"@type":"ListItem","position":2,"name":"EXHIBICIONES"}]},{"@type":"WebSite","@id":"https:\/\/karima.estaciondiseno.es\/#website","url":"https:\/\/karima.estaciondiseno.es\/","name":"","description":"","potentialAction":[{"@type":"SearchAction","target":{"@type":"EntryPoint","urlTemplate":"https:\/\/karima.estaciondiseno.es\/?s={search_term_string}"},"query-input":"required name=search_term_string"}],"inLanguage":"es"}]}},"_links":{"self":[{"href":"https:\/\/karima.estaciondiseno.es\/index.php\/wp-json\/wp\/v2\/pages\/559","targetHints":{"allow":["GET"]}}],"collection":[{"href":"https:\/\/karima.estaciondiseno.es\/index.php\/wp-json\/wp\/v2\/pages"}],"about":[{"href":"https:\/\/karima.estaciondiseno.es\/index.php\/wp-json\/wp\/v2\/types\/page"}],"author":[{"embeddable":true,"href":"https:\/\/karima.estaciondiseno.es\/index.php\/wp-json\/wp\/v2\/users\/1"}],"replies":[{"embeddable":true,"href":"https:\/\/karima.estaciondiseno.es\/index.php\/wp-json\/wp\/v2\/comments?post=559"}],"version-history":[{"count":115,"href":"https:\/\/karima.estaciondiseno.es\/index.php\/wp-json\/wp\/v2\/pages\/559\/revisions"}],"predecessor-version":[{"id":2034,"href":"https:\/\/karima.estaciondiseno.es\/index.php\/wp-json\/wp\/v2\/pages\/559\/revisions\/2034"}],"wp:attachment":[{"href":"https:\/\/karima.estaciondiseno.es\/index.php\/wp-json\/wp\/v2\/media?parent=559"}],"curies":[{"name":"wp","href":"https:\/\/api.w.org\/{rel}","templated":true}]}}