{"id":541,"date":"2025-11-18T16:44:30","date_gmt":"2025-11-18T16:44:30","guid":{"rendered":"https:\/\/karima.estaciondiseno.es\/?page_id=541"},"modified":"2025-12-25T12:57:30","modified_gmt":"2025-12-25T12:57:30","slug":"fashion-film","status":"publish","type":"page","link":"https:\/\/karima.estaciondiseno.es\/index.php\/fashion-film\/","title":{"rendered":"FASHION FILM"},"content":{"rendered":"\t\t<div data-elementor-type=\"wp-page\" data-elementor-id=\"541\" class=\"elementor elementor-541\">\n\t\t\t\t\t\t<section class=\"elementor-section elementor-top-section elementor-element elementor-element-2fcf8be elementor-section-full_width elementor-section-height-full elementor-section-height-default elementor-section-items-middle\" data-id=\"2fcf8be\" data-element_type=\"section\">\n\t\t\t\t\t\t<div class=\"elementor-container elementor-column-gap-default\">\n\t\t\t\t\t<div class=\"elementor-column elementor-col-100 elementor-top-column elementor-element elementor-element-177cc19\" data-id=\"177cc19\" data-element_type=\"column\">\n\t\t\t<div class=\"elementor-widget-wrap elementor-element-populated\">\n\t\t\t\t\t\t<div class=\"elementor-element elementor-element-58f160a elementor-widget elementor-widget-heading\" data-id=\"58f160a\" data-element_type=\"widget\" data-widget_type=\"heading.default\">\n\t\t\t\t<div class=\"elementor-widget-container\">\n\t\t\t\t\t<h2 class=\"elementor-heading-title elementor-size-default\">FASHION FILM<\/h2>\t\t\t\t<\/div>\n\t\t\t\t<\/div>\n\t\t\t\t\t<\/div>\n\t\t<\/div>\n\t\t\t\t\t<\/div>\n\t\t<\/section>\n\t\t\t\t<section class=\"elementor-section elementor-top-section elementor-element elementor-element-01253c0 elementor-section-boxed elementor-section-height-default elementor-section-height-default\" data-id=\"01253c0\" data-element_type=\"section\">\n\t\t\t\t\t\t<div class=\"elementor-container elementor-column-gap-default\">\n\t\t\t\t\t<div class=\"elementor-column elementor-col-100 elementor-top-column elementor-element elementor-element-5c0b7f5\" data-id=\"5c0b7f5\" data-element_type=\"column\">\n\t\t\t<div class=\"elementor-widget-wrap elementor-element-populated\">\n\t\t\t\t\t\t<div class=\"elementor-element elementor-element-993bd71 elementor-widget elementor-widget-spacer\" data-id=\"993bd71\" data-element_type=\"widget\" data-widget_type=\"spacer.default\">\n\t\t\t\t<div class=\"elementor-widget-container\">\n\t\t\t\t\t\t\t<div class=\"elementor-spacer\">\n\t\t\t<div class=\"elementor-spacer-inner\"><\/div>\n\t\t<\/div>\n\t\t\t\t\t\t<\/div>\n\t\t\t\t<\/div>\n\t\t\t\t<div class=\"elementor-element elementor-element-75fcad4 elementor-widget elementor-widget-spacer\" data-id=\"75fcad4\" data-element_type=\"widget\" data-widget_type=\"spacer.default\">\n\t\t\t\t<div class=\"elementor-widget-container\">\n\t\t\t\t\t\t\t<div class=\"elementor-spacer\">\n\t\t\t<div class=\"elementor-spacer-inner\"><\/div>\n\t\t<\/div>\n\t\t\t\t\t\t<\/div>\n\t\t\t\t<\/div>\n\t\t\t\t<div class=\"elementor-element elementor-element-2b62b62 elementor-widget elementor-widget-spacer\" data-id=\"2b62b62\" data-element_type=\"widget\" data-widget_type=\"spacer.default\">\n\t\t\t\t<div class=\"elementor-widget-container\">\n\t\t\t\t\t\t\t<div class=\"elementor-spacer\">\n\t\t\t<div class=\"elementor-spacer-inner\"><\/div>\n\t\t<\/div>\n\t\t\t\t\t\t<\/div>\n\t\t\t\t<\/div>\n\t\t\t\t\t<\/div>\n\t\t<\/div>\n\t\t\t\t\t<\/div>\n\t\t<\/section>\n\t\t\t\t<section class=\"elementor-section elementor-top-section elementor-element elementor-element-741a8d3 elementor-section-full_width elementor-section-height-default elementor-section-height-default\" data-id=\"741a8d3\" data-element_type=\"section\">\n\t\t\t\t\t\t<div class=\"elementor-container elementor-column-gap-default\">\n\t\t\t\t\t<div class=\"elementor-column elementor-col-100 elementor-top-column elementor-element elementor-element-92637ba\" data-id=\"92637ba\" data-element_type=\"column\">\n\t\t\t<div class=\"elementor-widget-wrap elementor-element-populated\">\n\t\t\t\t\t\t<div class=\"elementor-element elementor-element-b79c45d elementor-widget__width-initial elementor-widget elementor-widget-video\" data-id=\"b79c45d\" data-element_type=\"widget\" data-settings=\"{&quot;video_type&quot;:&quot;hosted&quot;,&quot;autoplay&quot;:&quot;yes&quot;,&quot;loop&quot;:&quot;yes&quot;,&quot;controls&quot;:&quot;yes&quot;}\" data-widget_type=\"video.default\">\n\t\t\t\t<div class=\"elementor-widget-container\">\n\t\t\t\t\t\t\t<div class=\"e-hosted-video elementor-wrapper elementor-open-inline\">\n\t\t\t\t\t<video class=\"elementor-video\" src=\"https:\/\/karima.estaciondiseno.es\/wp-content\/uploads\/2025\/11\/VIDEO-2025-10-30-21-09-12.mp4\" autoplay=\"\" loop=\"\" controls=\"\" controlsList=\"nodownload\"><\/video>\n\t\t\t\t<\/div>\n\t\t\t\t\t\t<\/div>\n\t\t\t\t<\/div>\n\t\t\t\t<div class=\"elementor-element elementor-element-982d52b elementor-widget__width-initial elementor-widget elementor-widget-spacer\" data-id=\"982d52b\" data-element_type=\"widget\" data-widget_type=\"spacer.default\">\n\t\t\t\t<div class=\"elementor-widget-container\">\n\t\t\t\t\t\t\t<div class=\"elementor-spacer\">\n\t\t\t<div class=\"elementor-spacer-inner\"><\/div>\n\t\t<\/div>\n\t\t\t\t\t\t<\/div>\n\t\t\t\t<\/div>\n\t\t\t\t\t<\/div>\n\t\t<\/div>\n\t\t\t\t\t<\/div>\n\t\t<\/section>\n\t\t\t\t<section class=\"elementor-section elementor-top-section elementor-element elementor-element-bf1e9ab elementor-section-full_width elementor-section-height-default elementor-section-height-default\" data-id=\"bf1e9ab\" data-element_type=\"section\">\n\t\t\t\t\t\t<div class=\"elementor-container elementor-column-gap-default\">\n\t\t\t\t\t<div class=\"elementor-column elementor-col-100 elementor-top-column elementor-element elementor-element-fffef93\" data-id=\"fffef93\" data-element_type=\"column\">\n\t\t\t<div class=\"elementor-widget-wrap elementor-element-populated\">\n\t\t\t\t\t\t<div class=\"elementor-element elementor-element-97d902d elementor-widget elementor-widget-heading\" data-id=\"97d902d\" data-element_type=\"widget\" data-widget_type=\"heading.default\">\n\t\t\t\t<div class=\"elementor-widget-container\">\n\t\t\t\t\t<h2 class=\"elementor-heading-title elementor-size-default\">En este Fashion Film particip\u00e9 con uno de mis vestidos pertenecientes a la colecci\u00f3n \"GIGER\". Fue una colaboraci\u00f3n con la Escuela Superior DyD junto a otros dise\u00f1adores.\n\nEl prop\u00f3sito de este proyecto es celebrar la est\u00e9tica de la mujer g\u00f3tica actual. Se busca realzar su figura mediante el dise\u00f1o de moda y el maquillaje. La obra captura su belleza en la penumbra durante el mes de octubre. El resultado visual fusiona la oscuridad con la elegancia t\u00e9cnica de mis dise\u00f1os.<\/h2>\t\t\t\t<\/div>\n\t\t\t\t<\/div>\n\t\t\t\t\t<\/div>\n\t\t<\/div>\n\t\t\t\t\t<\/div>\n\t\t<\/section>\n\t\t\t\t<section class=\"elementor-section elementor-top-section elementor-element elementor-element-ed7cfc5 elementor-section-full_width elementor-section-height-default elementor-section-height-default\" data-id=\"ed7cfc5\" data-element_type=\"section\">\n\t\t\t\t\t\t<div class=\"elementor-container elementor-column-gap-default\">\n\t\t\t\t\t<div class=\"elementor-column elementor-col-50 elementor-top-column elementor-element elementor-element-f8f0e56\" data-id=\"f8f0e56\" data-element_type=\"column\">\n\t\t\t<div class=\"elementor-widget-wrap elementor-element-populated\">\n\t\t\t\t\t\t<div class=\"elementor-element elementor-element-ed2bc71 elementor-widget elementor-widget-image\" data-id=\"ed2bc71\" data-element_type=\"widget\" data-widget_type=\"image.default\">\n\t\t\t\t<div class=\"elementor-widget-container\">\n\t\t\t\t\t\t\t\t\t\t\t\t\t\t\t<img fetchpriority=\"high\" decoding=\"async\" width=\"683\" height=\"1024\" src=\"https:\/\/karima.estaciondiseno.es\/wp-content\/uploads\/2025\/12\/1000005667-2-683x1024.jpg\" class=\"attachment-large size-large wp-image-1437\" alt=\"\" srcset=\"https:\/\/karima.estaciondiseno.es\/wp-content\/uploads\/2025\/12\/1000005667-2-683x1024.jpg 683w, https:\/\/karima.estaciondiseno.es\/wp-content\/uploads\/2025\/12\/1000005667-2-200x300.jpg 200w, https:\/\/karima.estaciondiseno.es\/wp-content\/uploads\/2025\/12\/1000005667-2-768x1152.jpg 768w, https:\/\/karima.estaciondiseno.es\/wp-content\/uploads\/2025\/12\/1000005667-2-1024x1536.jpg 1024w, https:\/\/karima.estaciondiseno.es\/wp-content\/uploads\/2025\/12\/1000005667-2-1365x2048.jpg 1365w, https:\/\/karima.estaciondiseno.es\/wp-content\/uploads\/2025\/12\/1000005667-2-scaled.jpg 1707w\" sizes=\"(max-width: 683px) 100vw, 683px\" \/>\t\t\t\t\t\t\t\t\t\t\t\t\t\t\t<\/div>\n\t\t\t\t<\/div>\n\t\t\t\t\t<\/div>\n\t\t<\/div>\n\t\t\t\t<div class=\"elementor-column elementor-col-50 elementor-top-column elementor-element elementor-element-598fb6b\" data-id=\"598fb6b\" data-element_type=\"column\">\n\t\t\t<div class=\"elementor-widget-wrap elementor-element-populated\">\n\t\t\t\t\t\t<div class=\"elementor-element elementor-element-02507db elementor-widget__width-initial elementor-widget elementor-widget-image\" data-id=\"02507db\" data-element_type=\"widget\" data-widget_type=\"image.default\">\n\t\t\t\t<div class=\"elementor-widget-container\">\n\t\t\t\t\t\t\t\t\t\t\t\t\t\t\t<img decoding=\"async\" width=\"743\" height=\"1024\" src=\"https:\/\/karima.estaciondiseno.es\/wp-content\/uploads\/2025\/12\/1000005696-743x1024.jpg\" class=\"attachment-large size-large wp-image-1465\" alt=\"\" srcset=\"https:\/\/karima.estaciondiseno.es\/wp-content\/uploads\/2025\/12\/1000005696-743x1024.jpg 743w, https:\/\/karima.estaciondiseno.es\/wp-content\/uploads\/2025\/12\/1000005696-218x300.jpg 218w, https:\/\/karima.estaciondiseno.es\/wp-content\/uploads\/2025\/12\/1000005696-768x1058.jpg 768w, https:\/\/karima.estaciondiseno.es\/wp-content\/uploads\/2025\/12\/1000005696-1115x1536.jpg 1115w, https:\/\/karima.estaciondiseno.es\/wp-content\/uploads\/2025\/12\/1000005696-1487x2048.jpg 1487w, https:\/\/karima.estaciondiseno.es\/wp-content\/uploads\/2025\/12\/1000005696-scaled.jpg 1858w\" sizes=\"(max-width: 743px) 100vw, 743px\" \/>\t\t\t\t\t\t\t\t\t\t\t\t\t\t\t<\/div>\n\t\t\t\t<\/div>\n\t\t\t\t\t<\/div>\n\t\t<\/div>\n\t\t\t\t\t<\/div>\n\t\t<\/section>\n\t\t\t\t<section class=\"elementor-section elementor-top-section elementor-element elementor-element-b7fcf02 elementor-section-boxed elementor-section-height-default elementor-section-height-default\" data-id=\"b7fcf02\" data-element_type=\"section\">\n\t\t\t\t\t\t<div class=\"elementor-container elementor-column-gap-default\">\n\t\t\t\t\t<div class=\"elementor-column elementor-col-100 elementor-top-column elementor-element elementor-element-2128e4b\" data-id=\"2128e4b\" data-element_type=\"column\">\n\t\t\t<div class=\"elementor-widget-wrap elementor-element-populated\">\n\t\t\t\t\t\t<div class=\"elementor-element elementor-element-7d9879d elementor-widget elementor-widget-spacer\" data-id=\"7d9879d\" data-element_type=\"widget\" data-widget_type=\"spacer.default\">\n\t\t\t\t<div class=\"elementor-widget-container\">\n\t\t\t\t\t\t\t<div class=\"elementor-spacer\">\n\t\t\t<div class=\"elementor-spacer-inner\"><\/div>\n\t\t<\/div>\n\t\t\t\t\t\t<\/div>\n\t\t\t\t<\/div>\n\t\t\t\t\t<\/div>\n\t\t<\/div>\n\t\t\t\t\t<\/div>\n\t\t<\/section>\n\t\t\t\t<section class=\"elementor-section elementor-top-section elementor-element elementor-element-4724fcb elementor-section-full_width elementor-section-height-default elementor-section-height-default\" data-id=\"4724fcb\" data-element_type=\"section\">\n\t\t\t\t\t\t<div class=\"elementor-container elementor-column-gap-default\">\n\t\t\t\t\t<div class=\"elementor-column elementor-col-100 elementor-top-column elementor-element elementor-element-6a5d735\" data-id=\"6a5d735\" data-element_type=\"column\">\n\t\t\t<div class=\"elementor-widget-wrap elementor-element-populated\">\n\t\t\t\t\t\t<div class=\"elementor-element elementor-element-586214e elementor-widget elementor-widget-heading\" data-id=\"586214e\" data-element_type=\"widget\" data-widget_type=\"heading.default\">\n\t\t\t\t<div class=\"elementor-widget-container\">\n\t\t\t\t\t<h2 class=\"elementor-heading-title elementor-size-default\">En este Fashion Film se muestra la colecci\u00f3n \"GIGER\", un proyecto que dirig\u00ed personalmente contando con la valiosa colaboraci\u00f3n de mis amigos m\u00e1s cercanos.<\/h2>\t\t\t\t<\/div>\n\t\t\t\t<\/div>\n\t\t\t\t\t<\/div>\n\t\t<\/div>\n\t\t\t\t\t<\/div>\n\t\t<\/section>\n\t\t\t\t<section class=\"elementor-section elementor-top-section elementor-element elementor-element-3bd2a33 elementor-section-full_width elementor-section-height-default elementor-section-height-default\" data-id=\"3bd2a33\" data-element_type=\"section\">\n\t\t\t\t\t\t<div class=\"elementor-container elementor-column-gap-default\">\n\t\t\t\t\t<div class=\"elementor-column elementor-col-100 elementor-top-column elementor-element elementor-element-80eac8c\" data-id=\"80eac8c\" data-element_type=\"column\">\n\t\t\t<div class=\"elementor-widget-wrap elementor-element-populated\">\n\t\t\t\t\t\t<div class=\"elementor-element elementor-element-aa88719 elementor-widget elementor-widget-video\" data-id=\"aa88719\" data-element_type=\"widget\" data-settings=\"{&quot;video_type&quot;:&quot;hosted&quot;,&quot;autoplay&quot;:&quot;yes&quot;,&quot;loop&quot;:&quot;yes&quot;,&quot;controls&quot;:&quot;yes&quot;}\" data-widget_type=\"video.default\">\n\t\t\t\t<div class=\"elementor-widget-container\">\n\t\t\t\t\t\t\t<div class=\"e-hosted-video elementor-wrapper elementor-open-inline\">\n\t\t\t\t\t<video class=\"elementor-video\" src=\"https:\/\/karima.estaciondiseno.es\/wp-content\/uploads\/2025\/11\/lv-0-20250830173405_9LEEhN1F-online-video-cutter.com_.mp4\" autoplay=\"\" loop=\"\" controls=\"\" controlsList=\"nodownload\"><\/video>\n\t\t\t\t<\/div>\n\t\t\t\t\t\t<\/div>\n\t\t\t\t<\/div>\n\t\t\t\t\t<\/div>\n\t\t<\/div>\n\t\t\t\t\t<\/div>\n\t\t<\/section>\n\t\t\t\t<\/div>\n\t\t","protected":false},"excerpt":{"rendered":"<p>FASHION FILM https:\/\/karima.estaciondiseno.es\/wp-content\/uploads\/2025\/11\/VIDEO-2025-10-30-21-09-12.mp4 En este Fashion Film particip\u00e9 con uno de mis vestidos pertenecientes a la colecci\u00f3n \u00abGIGER\u00bb. Fue una colaboraci\u00f3n con la Escuela Superior DyD junto a otros dise\u00f1adores. El prop\u00f3sito de este proyecto es celebrar la est\u00e9tica de la mujer g\u00f3tica actual. Se busca realzar su figura mediante el dise\u00f1o de moda y [&hellip;]<\/p>\n","protected":false},"author":1,"featured_media":0,"parent":0,"menu_order":0,"comment_status":"closed","ping_status":"closed","template":"elementor_header_footer","meta":{"footnotes":""},"class_list":["post-541","page","type-page","status-publish"],"yoast_head":"<!-- This site is optimized with the Yoast SEO Premium plugin v20.12 (Yoast SEO v20.12) - https:\/\/yoast.com\/wordpress\/plugins\/seo\/ -->\n<title>FASHION FILM -<\/title>\n<meta name=\"description\" content=\"Fashion Films donde muestra de la colecci\u00f3n de moda experimental &quot;Giger&quot; y de la otra colecci\u00f3n de moda &quot;This.Is.Jenny&quot;.\" \/>\n<meta name=\"robots\" content=\"index, follow, max-snippet:-1, max-image-preview:large, max-video-preview:-1\" \/>\n<link rel=\"canonical\" href=\"https:\/\/karima.estaciondiseno.es\/index.php\/fashion-film\/\" \/>\n<meta property=\"og:locale\" content=\"es_ES\" \/>\n<meta property=\"og:type\" content=\"article\" \/>\n<meta property=\"og:title\" content=\"FASHION FILM\" \/>\n<meta property=\"og:description\" content=\"Fashion Films donde muestra de la colecci\u00f3n de moda experimental &quot;Giger&quot; y de la otra colecci\u00f3n de moda &quot;This.Is.Jenny&quot;.\" \/>\n<meta property=\"og:url\" content=\"https:\/\/karima.estaciondiseno.es\/index.php\/fashion-film\/\" \/>\n<meta property=\"article:modified_time\" content=\"2025-12-25T12:57:30+00:00\" \/>\n<meta property=\"og:image\" content=\"https:\/\/karima.estaciondiseno.es\/wp-content\/uploads\/2025\/12\/1000005667-2-683x1024.jpg\" \/>\n<meta name=\"twitter:card\" content=\"summary_large_image\" \/>\n<meta name=\"twitter:label1\" content=\"Tiempo de lectura\" \/>\n\t<meta name=\"twitter:data1\" content=\"1 minuto\" \/>\n<script type=\"application\/ld+json\" class=\"yoast-schema-graph\">{\"@context\":\"https:\/\/schema.org\",\"@graph\":[{\"@type\":\"WebPage\",\"@id\":\"https:\/\/karima.estaciondiseno.es\/index.php\/fashion-film\/\",\"url\":\"https:\/\/karima.estaciondiseno.es\/index.php\/fashion-film\/\",\"name\":\"FASHION FILM -\",\"isPartOf\":{\"@id\":\"https:\/\/karima.estaciondiseno.es\/#website\"},\"datePublished\":\"2025-11-18T16:44:30+00:00\",\"dateModified\":\"2025-12-25T12:57:30+00:00\",\"description\":\"Fashion Films donde muestra de la colecci\u00f3n de moda experimental \\\"Giger\\\" y de la otra colecci\u00f3n de moda \\\"This.Is.Jenny\\\".\",\"breadcrumb\":{\"@id\":\"https:\/\/karima.estaciondiseno.es\/index.php\/fashion-film\/#breadcrumb\"},\"inLanguage\":\"es\",\"potentialAction\":[{\"@type\":\"ReadAction\",\"target\":[\"https:\/\/karima.estaciondiseno.es\/index.php\/fashion-film\/\"]}]},{\"@type\":\"BreadcrumbList\",\"@id\":\"https:\/\/karima.estaciondiseno.es\/index.php\/fashion-film\/#breadcrumb\",\"itemListElement\":[{\"@type\":\"ListItem\",\"position\":1,\"name\":\"Home\",\"item\":\"https:\/\/karima.estaciondiseno.es\/\"},{\"@type\":\"ListItem\",\"position\":2,\"name\":\"FASHION FILM\"}]},{\"@type\":\"WebSite\",\"@id\":\"https:\/\/karima.estaciondiseno.es\/#website\",\"url\":\"https:\/\/karima.estaciondiseno.es\/\",\"name\":\"\",\"description\":\"\",\"potentialAction\":[{\"@type\":\"SearchAction\",\"target\":{\"@type\":\"EntryPoint\",\"urlTemplate\":\"https:\/\/karima.estaciondiseno.es\/?s={search_term_string}\"},\"query-input\":\"required name=search_term_string\"}],\"inLanguage\":\"es\"}]}<\/script>\n<!-- \/ Yoast SEO Premium plugin. -->","yoast_head_json":{"title":"FASHION FILM -","description":"Fashion Films donde muestra de la colecci\u00f3n de moda experimental \"Giger\" y de la otra colecci\u00f3n de moda \"This.Is.Jenny\".","robots":{"index":"index","follow":"follow","max-snippet":"max-snippet:-1","max-image-preview":"max-image-preview:large","max-video-preview":"max-video-preview:-1"},"canonical":"https:\/\/karima.estaciondiseno.es\/index.php\/fashion-film\/","og_locale":"es_ES","og_type":"article","og_title":"FASHION FILM","og_description":"Fashion Films donde muestra de la colecci\u00f3n de moda experimental \"Giger\" y de la otra colecci\u00f3n de moda \"This.Is.Jenny\".","og_url":"https:\/\/karima.estaciondiseno.es\/index.php\/fashion-film\/","article_modified_time":"2025-12-25T12:57:30+00:00","og_image":[{"url":"https:\/\/karima.estaciondiseno.es\/wp-content\/uploads\/2025\/12\/1000005667-2-683x1024.jpg"}],"twitter_card":"summary_large_image","twitter_misc":{"Tiempo de lectura":"1 minuto"},"schema":{"@context":"https:\/\/schema.org","@graph":[{"@type":"WebPage","@id":"https:\/\/karima.estaciondiseno.es\/index.php\/fashion-film\/","url":"https:\/\/karima.estaciondiseno.es\/index.php\/fashion-film\/","name":"FASHION FILM -","isPartOf":{"@id":"https:\/\/karima.estaciondiseno.es\/#website"},"datePublished":"2025-11-18T16:44:30+00:00","dateModified":"2025-12-25T12:57:30+00:00","description":"Fashion Films donde muestra de la colecci\u00f3n de moda experimental \"Giger\" y de la otra colecci\u00f3n de moda \"This.Is.Jenny\".","breadcrumb":{"@id":"https:\/\/karima.estaciondiseno.es\/index.php\/fashion-film\/#breadcrumb"},"inLanguage":"es","potentialAction":[{"@type":"ReadAction","target":["https:\/\/karima.estaciondiseno.es\/index.php\/fashion-film\/"]}]},{"@type":"BreadcrumbList","@id":"https:\/\/karima.estaciondiseno.es\/index.php\/fashion-film\/#breadcrumb","itemListElement":[{"@type":"ListItem","position":1,"name":"Home","item":"https:\/\/karima.estaciondiseno.es\/"},{"@type":"ListItem","position":2,"name":"FASHION FILM"}]},{"@type":"WebSite","@id":"https:\/\/karima.estaciondiseno.es\/#website","url":"https:\/\/karima.estaciondiseno.es\/","name":"","description":"","potentialAction":[{"@type":"SearchAction","target":{"@type":"EntryPoint","urlTemplate":"https:\/\/karima.estaciondiseno.es\/?s={search_term_string}"},"query-input":"required name=search_term_string"}],"inLanguage":"es"}]}},"_links":{"self":[{"href":"https:\/\/karima.estaciondiseno.es\/index.php\/wp-json\/wp\/v2\/pages\/541","targetHints":{"allow":["GET"]}}],"collection":[{"href":"https:\/\/karima.estaciondiseno.es\/index.php\/wp-json\/wp\/v2\/pages"}],"about":[{"href":"https:\/\/karima.estaciondiseno.es\/index.php\/wp-json\/wp\/v2\/types\/page"}],"author":[{"embeddable":true,"href":"https:\/\/karima.estaciondiseno.es\/index.php\/wp-json\/wp\/v2\/users\/1"}],"replies":[{"embeddable":true,"href":"https:\/\/karima.estaciondiseno.es\/index.php\/wp-json\/wp\/v2\/comments?post=541"}],"version-history":[{"count":29,"href":"https:\/\/karima.estaciondiseno.es\/index.php\/wp-json\/wp\/v2\/pages\/541\/revisions"}],"predecessor-version":[{"id":1984,"href":"https:\/\/karima.estaciondiseno.es\/index.php\/wp-json\/wp\/v2\/pages\/541\/revisions\/1984"}],"wp:attachment":[{"href":"https:\/\/karima.estaciondiseno.es\/index.php\/wp-json\/wp\/v2\/media?parent=541"}],"curies":[{"name":"wp","href":"https:\/\/api.w.org\/{rel}","templated":true}]}}