{"id":1642,"date":"2025-12-23T13:31:04","date_gmt":"2025-12-23T13:31:04","guid":{"rendered":"https:\/\/karima.estaciondiseno.es\/?page_id=1642"},"modified":"2025-12-25T13:07:54","modified_gmt":"2025-12-25T13:07:54","slug":"sahara","status":"publish","type":"page","link":"https:\/\/karima.estaciondiseno.es\/index.php\/sahara\/","title":{"rendered":"Moulage"},"content":{"rendered":"\t\t<div data-elementor-type=\"wp-page\" data-elementor-id=\"1642\" class=\"elementor elementor-1642\">\n\t\t\t\t\t\t<section class=\"elementor-section elementor-top-section elementor-element elementor-element-906ae3b elementor-section-full_width elementor-section-height-full elementor-section-height-default elementor-section-items-middle\" data-id=\"906ae3b\" data-element_type=\"section\">\n\t\t\t\t\t\t<div class=\"elementor-container elementor-column-gap-default\">\n\t\t\t\t\t<div class=\"elementor-column elementor-col-100 elementor-top-column elementor-element elementor-element-852b930\" data-id=\"852b930\" data-element_type=\"column\">\n\t\t\t<div class=\"elementor-widget-wrap elementor-element-populated\">\n\t\t\t\t\t\t<div class=\"elementor-element elementor-element-0b0eea3 elementor-widget elementor-widget-heading\" data-id=\"0b0eea3\" data-element_type=\"widget\" data-widget_type=\"heading.default\">\n\t\t\t\t<div class=\"elementor-widget-container\">\n\t\t\t\t\t<h2 class=\"elementor-heading-title elementor-size-default\">MOULAGE<\/h2>\t\t\t\t<\/div>\n\t\t\t\t<\/div>\n\t\t\t\t<div class=\"elementor-element elementor-element-86591f3 elementor-widget elementor-widget-spacer\" data-id=\"86591f3\" data-element_type=\"widget\" data-widget_type=\"spacer.default\">\n\t\t\t\t<div class=\"elementor-widget-container\">\n\t\t\t\t\t\t\t<div class=\"elementor-spacer\">\n\t\t\t<div class=\"elementor-spacer-inner\"><\/div>\n\t\t<\/div>\n\t\t\t\t\t\t<\/div>\n\t\t\t\t<\/div>\n\t\t\t\t\t<\/div>\n\t\t<\/div>\n\t\t\t\t\t<\/div>\n\t\t<\/section>\n\t\t\t\t<section class=\"elementor-section elementor-top-section elementor-element elementor-element-1fc0833 elementor-section-boxed elementor-section-height-default elementor-section-height-default\" data-id=\"1fc0833\" data-element_type=\"section\">\n\t\t\t\t\t\t<div class=\"elementor-container elementor-column-gap-default\">\n\t\t\t\t\t<div class=\"elementor-column elementor-col-100 elementor-top-column elementor-element elementor-element-b9fb45e\" data-id=\"b9fb45e\" data-element_type=\"column\">\n\t\t\t<div class=\"elementor-widget-wrap elementor-element-populated\">\n\t\t\t\t\t\t<div class=\"elementor-element elementor-element-b90f263 elementor-widget-divider--view-line elementor-widget elementor-widget-divider\" data-id=\"b90f263\" data-element_type=\"widget\" data-widget_type=\"divider.default\">\n\t\t\t\t<div class=\"elementor-widget-container\">\n\t\t\t\t\t\t\t<div class=\"elementor-divider\">\n\t\t\t<span class=\"elementor-divider-separator\">\n\t\t\t\t\t\t<\/span>\n\t\t<\/div>\n\t\t\t\t\t\t<\/div>\n\t\t\t\t<\/div>\n\t\t\t\t<div class=\"elementor-element elementor-element-3fdac67 elementor-widget elementor-widget-heading\" data-id=\"3fdac67\" data-element_type=\"widget\" data-widget_type=\"heading.default\">\n\t\t\t\t<div class=\"elementor-widget-container\">\n\t\t\t\t\t<h2 class=\"elementor-heading-title elementor-size-default\">- VESTIDO CON MOULAGE -<\/h2>\t\t\t\t<\/div>\n\t\t\t\t<\/div>\n\t\t\t\t<div class=\"elementor-element elementor-element-c023648 elementor-widget-divider--view-line elementor-widget elementor-widget-divider\" data-id=\"c023648\" data-element_type=\"widget\" data-widget_type=\"divider.default\">\n\t\t\t\t<div class=\"elementor-widget-container\">\n\t\t\t\t\t\t\t<div class=\"elementor-divider\">\n\t\t\t<span class=\"elementor-divider-separator\">\n\t\t\t\t\t\t<\/span>\n\t\t<\/div>\n\t\t\t\t\t\t<\/div>\n\t\t\t\t<\/div>\n\t\t\t\t\t<\/div>\n\t\t<\/div>\n\t\t\t\t\t<\/div>\n\t\t<\/section>\n\t\t\t\t<section class=\"elementor-section elementor-top-section elementor-element elementor-element-90ffa1b elementor-section-full_width elementor-section-height-default elementor-section-height-default\" data-id=\"90ffa1b\" data-element_type=\"section\">\n\t\t\t\t\t\t<div class=\"elementor-container elementor-column-gap-default\">\n\t\t\t\t\t<div class=\"elementor-column elementor-col-100 elementor-top-column elementor-element elementor-element-120cd13\" data-id=\"120cd13\" data-element_type=\"column\">\n\t\t\t<div class=\"elementor-widget-wrap elementor-element-populated\">\n\t\t\t\t\t\t<div class=\"elementor-element elementor-element-586fbdb elementor-widget elementor-widget-heading\" data-id=\"586fbdb\" data-element_type=\"widget\" data-widget_type=\"heading.default\">\n\t\t\t\t<div class=\"elementor-widget-container\">\n\t\t\t\t\t<h2 class=\"elementor-heading-title elementor-size-default\">He realizado la ejecuci\u00f3n t\u00e9cnica de un dise\u00f1o mediante la t\u00e9cnica de moulage. El proceso incluye el desarrollo de prototipos complejos desde cero. Utilic\u00e9 el maniqu\u00ed para modelar directamente cada pliegue y volumen del vestido. Este m\u00e9todo me permite controlar la ca\u00edda del tejido de forma precisa. El resultado es una pieza tridimensional con un ajuste impecable al cuerpo.<\/h2>\t\t\t\t<\/div>\n\t\t\t\t<\/div>\n\t\t\t\t<div class=\"elementor-element elementor-element-3cb42e7 elementor-widget-divider--view-line elementor-widget elementor-widget-divider\" data-id=\"3cb42e7\" data-element_type=\"widget\" data-widget_type=\"divider.default\">\n\t\t\t\t<div class=\"elementor-widget-container\">\n\t\t\t\t\t\t\t<div class=\"elementor-divider\">\n\t\t\t<span class=\"elementor-divider-separator\">\n\t\t\t\t\t\t<\/span>\n\t\t<\/div>\n\t\t\t\t\t\t<\/div>\n\t\t\t\t<\/div>\n\t\t\t\t\t<\/div>\n\t\t<\/div>\n\t\t\t\t\t<\/div>\n\t\t<\/section>\n\t\t\t\t<section class=\"elementor-section elementor-top-section elementor-element elementor-element-7abee8f elementor-section-full_width elementor-section-height-default elementor-section-height-default\" data-id=\"7abee8f\" data-element_type=\"section\">\n\t\t\t\t\t\t<div class=\"elementor-container elementor-column-gap-default\">\n\t\t\t\t\t<div class=\"elementor-column elementor-col-50 elementor-top-column elementor-element elementor-element-8dae1aa\" data-id=\"8dae1aa\" data-element_type=\"column\">\n\t\t\t<div class=\"elementor-widget-wrap elementor-element-populated\">\n\t\t\t\t\t\t<div class=\"elementor-element elementor-element-19fe3a3 elementor-widget elementor-widget-image\" data-id=\"19fe3a3\" data-element_type=\"widget\" data-widget_type=\"image.default\">\n\t\t\t\t<div class=\"elementor-widget-container\">\n\t\t\t\t\t\t\t\t\t\t\t\t\t\t\t<img fetchpriority=\"high\" decoding=\"async\" width=\"706\" height=\"1024\" src=\"https:\/\/karima.estaciondiseno.es\/wp-content\/uploads\/2025\/12\/1000005759-706x1024.jpg\" class=\"attachment-large size-large wp-image-1537\" alt=\"\" srcset=\"https:\/\/karima.estaciondiseno.es\/wp-content\/uploads\/2025\/12\/1000005759-706x1024.jpg 706w, https:\/\/karima.estaciondiseno.es\/wp-content\/uploads\/2025\/12\/1000005759-207x300.jpg 207w, https:\/\/karima.estaciondiseno.es\/wp-content\/uploads\/2025\/12\/1000005759-768x1114.jpg 768w, https:\/\/karima.estaciondiseno.es\/wp-content\/uploads\/2025\/12\/1000005759-1059x1536.jpg 1059w, https:\/\/karima.estaciondiseno.es\/wp-content\/uploads\/2025\/12\/1000005759-1411x2048.jpg 1411w, https:\/\/karima.estaciondiseno.es\/wp-content\/uploads\/2025\/12\/1000005759-scaled.jpg 1764w\" sizes=\"(max-width: 706px) 100vw, 706px\" \/>\t\t\t\t\t\t\t\t\t\t\t\t\t\t\t<\/div>\n\t\t\t\t<\/div>\n\t\t\t\t\t<\/div>\n\t\t<\/div>\n\t\t\t\t<div class=\"elementor-column elementor-col-50 elementor-top-column elementor-element elementor-element-08fb76c\" data-id=\"08fb76c\" data-element_type=\"column\">\n\t\t\t<div class=\"elementor-widget-wrap elementor-element-populated\">\n\t\t\t\t\t\t<div class=\"elementor-element elementor-element-34ba83b elementor-widget elementor-widget-image\" data-id=\"34ba83b\" data-element_type=\"widget\" data-widget_type=\"image.default\">\n\t\t\t\t<div class=\"elementor-widget-container\">\n\t\t\t\t\t\t\t\t\t\t\t\t\t\t\t<img decoding=\"async\" width=\"683\" height=\"1024\" src=\"https:\/\/karima.estaciondiseno.es\/wp-content\/uploads\/2025\/12\/1000005731-683x1024.jpg\" class=\"attachment-large size-large wp-image-1529\" alt=\"\" srcset=\"https:\/\/karima.estaciondiseno.es\/wp-content\/uploads\/2025\/12\/1000005731-683x1024.jpg 683w, https:\/\/karima.estaciondiseno.es\/wp-content\/uploads\/2025\/12\/1000005731-200x300.jpg 200w, https:\/\/karima.estaciondiseno.es\/wp-content\/uploads\/2025\/12\/1000005731-768x1152.jpg 768w, https:\/\/karima.estaciondiseno.es\/wp-content\/uploads\/2025\/12\/1000005731-1024x1536.jpg 1024w, https:\/\/karima.estaciondiseno.es\/wp-content\/uploads\/2025\/12\/1000005731-1365x2048.jpg 1365w, https:\/\/karima.estaciondiseno.es\/wp-content\/uploads\/2025\/12\/1000005731-scaled.jpg 1707w\" sizes=\"(max-width: 683px) 100vw, 683px\" \/>\t\t\t\t\t\t\t\t\t\t\t\t\t\t\t<\/div>\n\t\t\t\t<\/div>\n\t\t\t\t\t<\/div>\n\t\t<\/div>\n\t\t\t\t\t<\/div>\n\t\t<\/section>\n\t\t\t\t<section class=\"elementor-section elementor-top-section elementor-element elementor-element-b965071 elementor-section-boxed elementor-section-height-default elementor-section-height-default\" data-id=\"b965071\" data-element_type=\"section\">\n\t\t\t\t\t\t<div class=\"elementor-container elementor-column-gap-default\">\n\t\t\t\t\t<div class=\"elementor-column elementor-col-100 elementor-top-column elementor-element elementor-element-f1f551e\" data-id=\"f1f551e\" data-element_type=\"column\">\n\t\t\t<div class=\"elementor-widget-wrap elementor-element-populated\">\n\t\t\t\t\t\t<div class=\"elementor-element elementor-element-6206c08 elementor-widget elementor-widget-spacer\" data-id=\"6206c08\" data-element_type=\"widget\" data-widget_type=\"spacer.default\">\n\t\t\t\t<div class=\"elementor-widget-container\">\n\t\t\t\t\t\t\t<div class=\"elementor-spacer\">\n\t\t\t<div class=\"elementor-spacer-inner\"><\/div>\n\t\t<\/div>\n\t\t\t\t\t\t<\/div>\n\t\t\t\t<\/div>\n\t\t\t\t\t<\/div>\n\t\t<\/div>\n\t\t\t\t\t<\/div>\n\t\t<\/section>\n\t\t\t\t<section class=\"elementor-section elementor-top-section elementor-element elementor-element-a36dc2f elementor-section-full_width elementor-section-height-default elementor-section-height-default\" data-id=\"a36dc2f\" data-element_type=\"section\">\n\t\t\t\t\t\t<div class=\"elementor-container elementor-column-gap-default\">\n\t\t\t\t\t<div class=\"elementor-column elementor-col-66 elementor-top-column elementor-element elementor-element-cb8950e\" data-id=\"cb8950e\" data-element_type=\"column\">\n\t\t\t<div class=\"elementor-widget-wrap elementor-element-populated\">\n\t\t\t\t\t\t<div class=\"elementor-element elementor-element-ea29779 elementor-widget elementor-widget-image\" data-id=\"ea29779\" data-element_type=\"widget\" data-widget_type=\"image.default\">\n\t\t\t\t<div class=\"elementor-widget-container\">\n\t\t\t\t\t\t\t\t\t\t\t\t\t\t\t<img decoding=\"async\" width=\"683\" height=\"1024\" src=\"https:\/\/karima.estaciondiseno.es\/wp-content\/uploads\/2025\/12\/1000005748-683x1024.jpg\" class=\"attachment-large size-large wp-image-1535\" alt=\"\" srcset=\"https:\/\/karima.estaciondiseno.es\/wp-content\/uploads\/2025\/12\/1000005748-683x1024.jpg 683w, https:\/\/karima.estaciondiseno.es\/wp-content\/uploads\/2025\/12\/1000005748-200x300.jpg 200w, https:\/\/karima.estaciondiseno.es\/wp-content\/uploads\/2025\/12\/1000005748-768x1152.jpg 768w, https:\/\/karima.estaciondiseno.es\/wp-content\/uploads\/2025\/12\/1000005748-1024x1536.jpg 1024w, https:\/\/karima.estaciondiseno.es\/wp-content\/uploads\/2025\/12\/1000005748-1365x2048.jpg 1365w, https:\/\/karima.estaciondiseno.es\/wp-content\/uploads\/2025\/12\/1000005748-scaled.jpg 1707w\" sizes=\"(max-width: 683px) 100vw, 683px\" \/>\t\t\t\t\t\t\t\t\t\t\t\t\t\t\t<\/div>\n\t\t\t\t<\/div>\n\t\t\t\t\t<\/div>\n\t\t<\/div>\n\t\t\t\t<div class=\"elementor-column elementor-col-33 elementor-top-column elementor-element elementor-element-45b07b4\" data-id=\"45b07b4\" data-element_type=\"column\">\n\t\t\t<div class=\"elementor-widget-wrap elementor-element-populated\">\n\t\t\t\t\t\t<div class=\"elementor-element elementor-element-e4930b2 elementor-widget elementor-widget-image\" data-id=\"e4930b2\" data-element_type=\"widget\" data-widget_type=\"image.default\">\n\t\t\t\t<div class=\"elementor-widget-container\">\n\t\t\t\t\t\t\t\t\t\t\t\t\t\t\t<img loading=\"lazy\" decoding=\"async\" width=\"1024\" height=\"643\" src=\"https:\/\/karima.estaciondiseno.es\/wp-content\/uploads\/2025\/12\/1000005741-1024x643.jpg\" class=\"attachment-large size-large wp-image-1533\" alt=\"\" srcset=\"https:\/\/karima.estaciondiseno.es\/wp-content\/uploads\/2025\/12\/1000005741-1024x643.jpg 1024w, https:\/\/karima.estaciondiseno.es\/wp-content\/uploads\/2025\/12\/1000005741-300x188.jpg 300w, https:\/\/karima.estaciondiseno.es\/wp-content\/uploads\/2025\/12\/1000005741-768x482.jpg 768w, https:\/\/karima.estaciondiseno.es\/wp-content\/uploads\/2025\/12\/1000005741-1536x964.jpg 1536w, https:\/\/karima.estaciondiseno.es\/wp-content\/uploads\/2025\/12\/1000005741-2048x1285.jpg 2048w\" sizes=\"(max-width: 1024px) 100vw, 1024px\" \/>\t\t\t\t\t\t\t\t\t\t\t\t\t\t\t<\/div>\n\t\t\t\t<\/div>\n\t\t\t\t\t<\/div>\n\t\t<\/div>\n\t\t\t\t\t<\/div>\n\t\t<\/section>\n\t\t\t\t<section class=\"elementor-section elementor-top-section elementor-element elementor-element-e1720d1 elementor-section-boxed elementor-section-height-default elementor-section-height-default\" data-id=\"e1720d1\" data-element_type=\"section\">\n\t\t\t\t\t\t<div class=\"elementor-container elementor-column-gap-default\">\n\t\t\t\t\t<div class=\"elementor-column elementor-col-100 elementor-top-column elementor-element elementor-element-33d47c0\" data-id=\"33d47c0\" data-element_type=\"column\">\n\t\t\t<div class=\"elementor-widget-wrap elementor-element-populated\">\n\t\t\t\t\t\t<div class=\"elementor-element elementor-element-6a285f7 elementor-widget elementor-widget-spacer\" data-id=\"6a285f7\" data-element_type=\"widget\" data-widget_type=\"spacer.default\">\n\t\t\t\t<div class=\"elementor-widget-container\">\n\t\t\t\t\t\t\t<div class=\"elementor-spacer\">\n\t\t\t<div class=\"elementor-spacer-inner\"><\/div>\n\t\t<\/div>\n\t\t\t\t\t\t<\/div>\n\t\t\t\t<\/div>\n\t\t\t\t\t<\/div>\n\t\t<\/div>\n\t\t\t\t\t<\/div>\n\t\t<\/section>\n\t\t\t\t<section class=\"elementor-section elementor-top-section elementor-element elementor-element-f3d358f elementor-section-full_width elementor-section-height-default elementor-section-height-default\" data-id=\"f3d358f\" data-element_type=\"section\">\n\t\t\t\t\t\t<div class=\"elementor-container elementor-column-gap-default\">\n\t\t\t\t\t<div class=\"elementor-column elementor-col-33 elementor-top-column elementor-element elementor-element-309f0f8\" data-id=\"309f0f8\" data-element_type=\"column\">\n\t\t\t<div class=\"elementor-widget-wrap elementor-element-populated\">\n\t\t\t\t\t\t<div class=\"elementor-element elementor-element-9f1878a elementor-widget elementor-widget-image\" data-id=\"9f1878a\" data-element_type=\"widget\" data-widget_type=\"image.default\">\n\t\t\t\t<div class=\"elementor-widget-container\">\n\t\t\t\t\t\t\t\t\t\t\t\t\t\t\t<img loading=\"lazy\" decoding=\"async\" width=\"713\" height=\"1024\" src=\"https:\/\/karima.estaciondiseno.es\/wp-content\/uploads\/2025\/12\/1000005772-713x1024.jpg\" class=\"attachment-large size-large wp-image-1540\" alt=\"\" srcset=\"https:\/\/karima.estaciondiseno.es\/wp-content\/uploads\/2025\/12\/1000005772-713x1024.jpg 713w, https:\/\/karima.estaciondiseno.es\/wp-content\/uploads\/2025\/12\/1000005772-209x300.jpg 209w, https:\/\/karima.estaciondiseno.es\/wp-content\/uploads\/2025\/12\/1000005772-768x1103.jpg 768w, https:\/\/karima.estaciondiseno.es\/wp-content\/uploads\/2025\/12\/1000005772-1070x1536.jpg 1070w, https:\/\/karima.estaciondiseno.es\/wp-content\/uploads\/2025\/12\/1000005772-1426x2048.jpg 1426w, https:\/\/karima.estaciondiseno.es\/wp-content\/uploads\/2025\/12\/1000005772-scaled.jpg 1783w\" sizes=\"(max-width: 713px) 100vw, 713px\" \/>\t\t\t\t\t\t\t\t\t\t\t\t\t\t\t<\/div>\n\t\t\t\t<\/div>\n\t\t\t\t\t<\/div>\n\t\t<\/div>\n\t\t\t\t<div class=\"elementor-column elementor-col-33 elementor-top-column elementor-element elementor-element-85bbd09\" data-id=\"85bbd09\" data-element_type=\"column\">\n\t\t\t<div class=\"elementor-widget-wrap elementor-element-populated\">\n\t\t\t\t\t\t<div class=\"elementor-element elementor-element-bffd190 elementor-widget elementor-widget-image\" data-id=\"bffd190\" data-element_type=\"widget\" data-widget_type=\"image.default\">\n\t\t\t\t<div class=\"elementor-widget-container\">\n\t\t\t\t\t\t\t\t\t\t\t\t\t\t\t<img loading=\"lazy\" decoding=\"async\" width=\"683\" height=\"1024\" src=\"https:\/\/karima.estaciondiseno.es\/wp-content\/uploads\/2025\/12\/1000005765-683x1024.jpg\" class=\"attachment-large size-large wp-image-1539\" alt=\"\" srcset=\"https:\/\/karima.estaciondiseno.es\/wp-content\/uploads\/2025\/12\/1000005765-683x1024.jpg 683w, https:\/\/karima.estaciondiseno.es\/wp-content\/uploads\/2025\/12\/1000005765-200x300.jpg 200w, https:\/\/karima.estaciondiseno.es\/wp-content\/uploads\/2025\/12\/1000005765-768x1152.jpg 768w, https:\/\/karima.estaciondiseno.es\/wp-content\/uploads\/2025\/12\/1000005765-1024x1536.jpg 1024w, https:\/\/karima.estaciondiseno.es\/wp-content\/uploads\/2025\/12\/1000005765-1365x2048.jpg 1365w, https:\/\/karima.estaciondiseno.es\/wp-content\/uploads\/2025\/12\/1000005765-scaled.jpg 1707w\" sizes=\"(max-width: 683px) 100vw, 683px\" \/>\t\t\t\t\t\t\t\t\t\t\t\t\t\t\t<\/div>\n\t\t\t\t<\/div>\n\t\t\t\t\t<\/div>\n\t\t<\/div>\n\t\t\t\t<div class=\"elementor-column elementor-col-33 elementor-top-column elementor-element elementor-element-9b317df\" data-id=\"9b317df\" data-element_type=\"column\">\n\t\t\t<div class=\"elementor-widget-wrap elementor-element-populated\">\n\t\t\t\t\t\t<div class=\"elementor-element elementor-element-6852af2 elementor-widget elementor-widget-image\" data-id=\"6852af2\" data-element_type=\"widget\" data-widget_type=\"image.default\">\n\t\t\t\t<div class=\"elementor-widget-container\">\n\t\t\t\t\t\t\t\t\t\t\t\t\t\t\t<img loading=\"lazy\" decoding=\"async\" width=\"683\" height=\"1024\" src=\"https:\/\/karima.estaciondiseno.es\/wp-content\/uploads\/2025\/12\/1000005729-683x1024.jpg\" class=\"attachment-large size-large wp-image-1528\" alt=\"\" srcset=\"https:\/\/karima.estaciondiseno.es\/wp-content\/uploads\/2025\/12\/1000005729-683x1024.jpg 683w, https:\/\/karima.estaciondiseno.es\/wp-content\/uploads\/2025\/12\/1000005729-200x300.jpg 200w, https:\/\/karima.estaciondiseno.es\/wp-content\/uploads\/2025\/12\/1000005729-768x1152.jpg 768w, https:\/\/karima.estaciondiseno.es\/wp-content\/uploads\/2025\/12\/1000005729-1024x1536.jpg 1024w, https:\/\/karima.estaciondiseno.es\/wp-content\/uploads\/2025\/12\/1000005729-1365x2048.jpg 1365w, https:\/\/karima.estaciondiseno.es\/wp-content\/uploads\/2025\/12\/1000005729-scaled.jpg 1707w\" sizes=\"(max-width: 683px) 100vw, 683px\" \/>\t\t\t\t\t\t\t\t\t\t\t\t\t\t\t<\/div>\n\t\t\t\t<\/div>\n\t\t\t\t\t<\/div>\n\t\t<\/div>\n\t\t\t\t\t<\/div>\n\t\t<\/section>\n\t\t\t\t<section class=\"elementor-section elementor-top-section elementor-element elementor-element-ea7b579 elementor-section-boxed elementor-section-height-default elementor-section-height-default\" data-id=\"ea7b579\" data-element_type=\"section\">\n\t\t\t\t\t\t<div class=\"elementor-container elementor-column-gap-default\">\n\t\t\t\t\t<div class=\"elementor-column elementor-col-100 elementor-top-column elementor-element elementor-element-e5adddb\" data-id=\"e5adddb\" data-element_type=\"column\">\n\t\t\t<div class=\"elementor-widget-wrap elementor-element-populated\">\n\t\t\t\t\t\t<div class=\"elementor-element elementor-element-81944f1 elementor-widget elementor-widget-spacer\" data-id=\"81944f1\" data-element_type=\"widget\" data-widget_type=\"spacer.default\">\n\t\t\t\t<div class=\"elementor-widget-container\">\n\t\t\t\t\t\t\t<div class=\"elementor-spacer\">\n\t\t\t<div class=\"elementor-spacer-inner\"><\/div>\n\t\t<\/div>\n\t\t\t\t\t\t<\/div>\n\t\t\t\t<\/div>\n\t\t\t\t\t<\/div>\n\t\t<\/div>\n\t\t\t\t\t<\/div>\n\t\t<\/section>\n\t\t\t\t<\/div>\n\t\t","protected":false},"excerpt":{"rendered":"<p>MOULAGE &#8211; VESTIDO CON MOULAGE &#8211; Ejecuci\u00f3n t\u00e9cnica de un dise\u00f1o mediante la t\u00e9cnica de moulage. El proceso incluye el desarrollo de prototipos desde cero, utilizando el maniqu\u00ed para modelar cada pliegue del vestido.<\/p>\n","protected":false},"author":1,"featured_media":0,"parent":0,"menu_order":0,"comment_status":"closed","ping_status":"closed","template":"elementor_header_footer","meta":{"footnotes":""},"class_list":["post-1642","page","type-page","status-publish"],"yoast_head":"<!-- This site is optimized with the Yoast SEO Premium plugin v20.12 (Yoast SEO v20.12) - https:\/\/yoast.com\/wordpress\/plugins\/seo\/ -->\n<title>Moulage -<\/title>\n<meta name=\"description\" content=\"He realizado la ejecuci\u00f3n t\u00e9cnica de un dise\u00f1o mediante la t\u00e9cnica de moulage. El proceso incluye el desarrollo de prototipos complejos.\" \/>\n<meta name=\"robots\" content=\"index, follow, max-snippet:-1, max-image-preview:large, max-video-preview:-1\" \/>\n<link rel=\"canonical\" href=\"https:\/\/karima.estaciondiseno.es\/index.php\/sahara\/\" \/>\n<meta property=\"og:locale\" content=\"es_ES\" \/>\n<meta property=\"og:type\" content=\"article\" \/>\n<meta property=\"og:title\" content=\"Moulage\" \/>\n<meta property=\"og:description\" content=\"He realizado la ejecuci\u00f3n t\u00e9cnica de un dise\u00f1o mediante la t\u00e9cnica de moulage. El proceso incluye el desarrollo de prototipos complejos.\" \/>\n<meta property=\"og:url\" content=\"https:\/\/karima.estaciondiseno.es\/index.php\/sahara\/\" \/>\n<meta property=\"article:modified_time\" content=\"2025-12-25T13:07:54+00:00\" \/>\n<meta property=\"og:image\" content=\"https:\/\/karima.estaciondiseno.es\/wp-content\/uploads\/2025\/12\/1000005759-706x1024.jpg\" \/>\n<meta name=\"twitter:card\" content=\"summary_large_image\" \/>\n<meta name=\"twitter:label1\" content=\"Tiempo de lectura\" \/>\n\t<meta name=\"twitter:data1\" content=\"2 minutos\" \/>\n<script type=\"application\/ld+json\" class=\"yoast-schema-graph\">{\"@context\":\"https:\/\/schema.org\",\"@graph\":[{\"@type\":\"WebPage\",\"@id\":\"https:\/\/karima.estaciondiseno.es\/index.php\/sahara\/\",\"url\":\"https:\/\/karima.estaciondiseno.es\/index.php\/sahara\/\",\"name\":\"Moulage -\",\"isPartOf\":{\"@id\":\"https:\/\/karima.estaciondiseno.es\/#website\"},\"datePublished\":\"2025-12-23T13:31:04+00:00\",\"dateModified\":\"2025-12-25T13:07:54+00:00\",\"description\":\"He realizado la ejecuci\u00f3n t\u00e9cnica de un dise\u00f1o mediante la t\u00e9cnica de moulage. El proceso incluye el desarrollo de prototipos complejos.\",\"breadcrumb\":{\"@id\":\"https:\/\/karima.estaciondiseno.es\/index.php\/sahara\/#breadcrumb\"},\"inLanguage\":\"es\",\"potentialAction\":[{\"@type\":\"ReadAction\",\"target\":[\"https:\/\/karima.estaciondiseno.es\/index.php\/sahara\/\"]}]},{\"@type\":\"BreadcrumbList\",\"@id\":\"https:\/\/karima.estaciondiseno.es\/index.php\/sahara\/#breadcrumb\",\"itemListElement\":[{\"@type\":\"ListItem\",\"position\":1,\"name\":\"Home\",\"item\":\"https:\/\/karima.estaciondiseno.es\/\"},{\"@type\":\"ListItem\",\"position\":2,\"name\":\"Moulage\"}]},{\"@type\":\"WebSite\",\"@id\":\"https:\/\/karima.estaciondiseno.es\/#website\",\"url\":\"https:\/\/karima.estaciondiseno.es\/\",\"name\":\"\",\"description\":\"\",\"potentialAction\":[{\"@type\":\"SearchAction\",\"target\":{\"@type\":\"EntryPoint\",\"urlTemplate\":\"https:\/\/karima.estaciondiseno.es\/?s={search_term_string}\"},\"query-input\":\"required name=search_term_string\"}],\"inLanguage\":\"es\"}]}<\/script>\n<!-- \/ Yoast SEO Premium plugin. -->","yoast_head_json":{"title":"Moulage -","description":"He realizado la ejecuci\u00f3n t\u00e9cnica de un dise\u00f1o mediante la t\u00e9cnica de moulage. El proceso incluye el desarrollo de prototipos complejos.","robots":{"index":"index","follow":"follow","max-snippet":"max-snippet:-1","max-image-preview":"max-image-preview:large","max-video-preview":"max-video-preview:-1"},"canonical":"https:\/\/karima.estaciondiseno.es\/index.php\/sahara\/","og_locale":"es_ES","og_type":"article","og_title":"Moulage","og_description":"He realizado la ejecuci\u00f3n t\u00e9cnica de un dise\u00f1o mediante la t\u00e9cnica de moulage. El proceso incluye el desarrollo de prototipos complejos.","og_url":"https:\/\/karima.estaciondiseno.es\/index.php\/sahara\/","article_modified_time":"2025-12-25T13:07:54+00:00","og_image":[{"url":"https:\/\/karima.estaciondiseno.es\/wp-content\/uploads\/2025\/12\/1000005759-706x1024.jpg"}],"twitter_card":"summary_large_image","twitter_misc":{"Tiempo de lectura":"2 minutos"},"schema":{"@context":"https:\/\/schema.org","@graph":[{"@type":"WebPage","@id":"https:\/\/karima.estaciondiseno.es\/index.php\/sahara\/","url":"https:\/\/karima.estaciondiseno.es\/index.php\/sahara\/","name":"Moulage -","isPartOf":{"@id":"https:\/\/karima.estaciondiseno.es\/#website"},"datePublished":"2025-12-23T13:31:04+00:00","dateModified":"2025-12-25T13:07:54+00:00","description":"He realizado la ejecuci\u00f3n t\u00e9cnica de un dise\u00f1o mediante la t\u00e9cnica de moulage. El proceso incluye el desarrollo de prototipos complejos.","breadcrumb":{"@id":"https:\/\/karima.estaciondiseno.es\/index.php\/sahara\/#breadcrumb"},"inLanguage":"es","potentialAction":[{"@type":"ReadAction","target":["https:\/\/karima.estaciondiseno.es\/index.php\/sahara\/"]}]},{"@type":"BreadcrumbList","@id":"https:\/\/karima.estaciondiseno.es\/index.php\/sahara\/#breadcrumb","itemListElement":[{"@type":"ListItem","position":1,"name":"Home","item":"https:\/\/karima.estaciondiseno.es\/"},{"@type":"ListItem","position":2,"name":"Moulage"}]},{"@type":"WebSite","@id":"https:\/\/karima.estaciondiseno.es\/#website","url":"https:\/\/karima.estaciondiseno.es\/","name":"","description":"","potentialAction":[{"@type":"SearchAction","target":{"@type":"EntryPoint","urlTemplate":"https:\/\/karima.estaciondiseno.es\/?s={search_term_string}"},"query-input":"required name=search_term_string"}],"inLanguage":"es"}]}},"_links":{"self":[{"href":"https:\/\/karima.estaciondiseno.es\/index.php\/wp-json\/wp\/v2\/pages\/1642","targetHints":{"allow":["GET"]}}],"collection":[{"href":"https:\/\/karima.estaciondiseno.es\/index.php\/wp-json\/wp\/v2\/pages"}],"about":[{"href":"https:\/\/karima.estaciondiseno.es\/index.php\/wp-json\/wp\/v2\/types\/page"}],"author":[{"embeddable":true,"href":"https:\/\/karima.estaciondiseno.es\/index.php\/wp-json\/wp\/v2\/users\/1"}],"replies":[{"embeddable":true,"href":"https:\/\/karima.estaciondiseno.es\/index.php\/wp-json\/wp\/v2\/comments?post=1642"}],"version-history":[{"count":43,"href":"https:\/\/karima.estaciondiseno.es\/index.php\/wp-json\/wp\/v2\/pages\/1642\/revisions"}],"predecessor-version":[{"id":2009,"href":"https:\/\/karima.estaciondiseno.es\/index.php\/wp-json\/wp\/v2\/pages\/1642\/revisions\/2009"}],"wp:attachment":[{"href":"https:\/\/karima.estaciondiseno.es\/index.php\/wp-json\/wp\/v2\/media?parent=1642"}],"curies":[{"name":"wp","href":"https:\/\/api.w.org\/{rel}","templated":true}]}}